{"id":870,"date":"2026-01-29T14:15:27","date_gmt":"2026-01-29T13:15:27","guid":{"rendered":"https:\/\/haas-digital.de\/?page_id=870"},"modified":"2026-02-12T14:24:59","modified_gmt":"2026-02-12T13:24:59","slug":"suchmaschinenoptimierung","status":"publish","type":"page","link":"https:\/\/haas-digital.de\/en\/leistungen\/suchmaschinenoptimierung\/","title":{"rendered":"Suchmaschinenoptimierung"},"content":{"rendered":"<h1>\n\t\t\tSearch engine optimization (SEO)\t<\/h1>\n\t<p>Strukturiertes SEO, damit dein Unternehmen bei Google gefunden wird und Anfragen entstehen.<\/p>\n\t\t\t<a href=\"https:\/\/haas-digital.de\/en\/kontakt\/\"  target=\"_self\">\n\t\t\t\t\t\t\tFree website check\n\t\t\t\t\t<\/a>\n\t<p>Haas-Digital | Webdesign<\/p>\n<h2>\n\t\t\tWann SEO f\u00fcr dein Unternehmen sinnvoll ist\t<\/h2>\n\t<p>SEO ist kein kurzfristiger Hebel, sondern eine strategische Ma\u00dfnahme.<br data-start=\"1082\" data-end=\"1085\" \/>Es lohnt sich f\u00fcr Unternehmen, die dauerhaft sichtbar sein und regelm\u00e4\u00dfig qualifizierte Anfragen \u00fcber Google gewinnen wollen.<\/p>\n\t<style>\n\/* Wrapper nur noch f\u00fcr Layout - KEINE Box *\/\n.bb-editorial-points{\n  display:grid;\n  gap:14px;\n  padding:0;\n  background:none;\n  border:none;\n  box-shadow:none;\n}\n\/* Einzelpunkt *\/\n.bb-editorial-item{\n  display:grid;\n  grid-template-columns:18px 1fr;\n  gap:12px;\n  align-items:flex-start;\n}\n\/* Marker - bleibt stilvoll *\/\n.bb-editorial-mark{\n  margin-top:6px;\n  width:12px;\n  height:12px;\n  border-radius:999px;\n  background:linear-gradient(\n    135deg,\n    rgba(0,224,255,.9),\n    rgba(155,89,255,.9)\n  );\n  opacity:.75;\n}\n\/* Text *\/\n.bb-editorial-item p{\n  margin:0;\n  font-size:15px;\n  line-height:1.5;\n  color:rgba(11,16,32,.85);\n}\n<\/style>\n    <p>Unternehmen mit klarer Leistung oder Dienstleistung<\/p>\n    <p>Websites, die nicht nur informieren, sondern Kunden gewinnen sollen<\/p>\n    <p>Betriebe mit realistischen Erwartungen an Zeit &amp; Wirkung<\/p>\n\t<p>Haas-Digital | Webdesign<\/p>\n<h2>\n\t\t\tMein Ansatz in der Suchmaschinenoptimierung\t<\/h2>\n\t<p>Ich arbeite nicht mit pauschalen Ma\u00dfnahmen oder automatisierten Tools.<br data-start=\"1672\" data-end=\"1675\" \/>SEO bedeutet f\u00fcr mich: saubere Technik, klare Inhalte und eine Struktur, die Suchintentionen abbildet.<\/p>\n\t<style>\n    .bb-editorial-points{\n  display:grid;\n  gap:14px;\n  padding:18px 20px;\n  border-radius:20px;\n  background:rgba(255,255,255,.85);\n  border:1px solid rgba(15,23,42,.10);\n  box-shadow:0 18px 40px rgba(2,6,23,.08);\n}\n\/* Einzelpunkt *\/\n.bb-editorial-item{\n  display:grid;\n  grid-template-columns:18px 1fr;\n  gap:12px;\n  align-items:flex-start;\n}\n\/* Marker: ruhig, hochwertig *\/\n.bb-editorial-mark{\n  margin-top:6px;\n  width:12px;\n  height:12px;\n  border-radius:999px;\n  background:linear-gradient(\n    135deg,\n    rgba(0,224,255,.9),\n    rgba(155,89,255,.9)\n  );\n  opacity:.75;\n}\n\/* Text *\/\n.bb-editorial-item p{\n  margin:0;\n  font-size:15px;\n  line-height:1.5;\n  color:rgba(11,16,32,.85);\n}\n<\/style>\n    <p>Technische &#038; strukturelle SEO-Grundlagen<\/p>\n    <p>WInhalte mit klarer Suchintention<\/p>\n    <p>Fokus auf Relevanz statt Keyword-Menge<\/p>\n\t<p>Haas-Digital | Webdesign<\/p>\n<h2>\n\t\t\tSEO-Leistungen im Detail\t<\/h2>\n\tJe nach Ziel, Branche und Ausgangslage sind unterschiedliche SEO-Schwerpunkte sinnvoll.\n\t<p>LEISTUNG<\/p>\n<h3>\n\t\t\tSEO-Spezialist\t<\/h3>\n\t<p>Pers\u00f6nliche SEO-Betreuung f\u00fcr Unternehmen, die einen festen Ansprechpartner und eine klare Strategie suchen.<br data-start=\"2331\" data-end=\"2334\" \/>Geeignet, wenn SEO nicht \u201enebenbei&#8220;, sondern professionell umgesetzt werden soll.<\/p>\n\t\t\t<a href=\"https:\/\/haas-digital.de\/en\/wir-arbeiten-dran\/\"  target=\"_self\">\n\t\t\t\t\t\t\tMehr zum SEO-Spezialisten\n\t\t\t<\/a>\n\t<p>LEISTUNG<\/p>\n<h3>\n\t\t\tSuchmaschinenoptimierung f\u00fcr Unternehmen\t<\/h3>\n\t<p>SEO speziell f\u00fcr KMU und B2B-Unternehmen.<br data-start=\"2659\" data-end=\"2662\" \/>Fokus auf Sichtbarkeit, Vertrauen und qualifizierte Anfragen &#8211; nicht auf Reichweite ohne Nutzen.<\/p>\n\t\t\t<a href=\"https:\/\/haas-digital.de\/en\/wir-arbeiten-dran\/\"  target=\"_self\">\n\t\t\t\t\t\t\tMehr zur SEO f\u00fcr Unternehmen\n\t\t\t<\/a>\n\t<p>LEISTUNG<\/p>\n<h3>\n\t\t\tLokale SEO\t<\/h3>\n\t<p>Optimierung f\u00fcr regionale Sichtbarkeit bei Google &#8211; besonders relevant f\u00fcr Dienstleister, Handwerksbetriebe und lokale Unternehmen.<\/p>\n\t\t\t<a href=\"https:\/\/haas-digital.de\/en\/wir-arbeiten-dran\/\"  target=\"_self\">\n\t\t\t\t\t\t\tMehr zur lokalen SEO\n\t\t\t<\/a>\n\t<p>Haas-Digital | Webdesign &amp; Relaunch<\/p>\n<h2>\n\t\t\tKlare SEO-Arbeit statt Versprechen\t<\/h2>\n\tSEO funktioniert nicht \u00fcber Tricks, sondern \u00fcber saubere Grundlagen und Geduld.\n\t<style>\n\/* --- Layout --- *\/\n.bb-dual-checks{\n  display:grid;\n  grid-template-columns:1fr 1fr;\n  gap:32px;\n}\n\/* Spalte *\/\n.bb-dual-col{\n  display:grid;\n  gap:10px;\n}\n\/* \u00dcberschrift *\/\n.bb-dual-head{\n  font-size:13px;\n  font-weight:800;\n  letter-spacing:.18em;\n  text-transform:uppercase;\n  padding-left:26px; \/* auf Checkboxen ausrichten *\/\n}\n.bb-dual-head--red{\n  color:rgba(185,28,28,.85);\n}\n.bb-dual-head--green{\n  color:rgba(22,163,74,.85);\n}\n\/* --- Basis Listen --- *\/\n.bb-checklist-red,\n.bb-checklist-green{\n  list-style:none;\n  padding:0;\n  margin:0;\n}\n.bb-checklist-red li,\n.bb-checklist-green li{\n  position:relative;\n  padding-left:26px;\n  margin-bottom:10px;\n  font-size:15px;\n  line-height:1.4;\n  color:rgba(11,16,32,.85);\n}\n\/* =========================\n   LINKS - ROT (X)\n   ========================= *\/\n.bb-checklist-red li::before{\n  content:\"\";\n  position:absolute;\n  left:0;\n  top:6px;\n  width:14px;\n  height:14px;\n  border-radius:4px;\n  background:linear-gradient(135deg,#f87171,#b91c1c);\n  box-shadow:0 2px 6px rgba(185,28,28,.25);\n}\n.bb-checklist-red li::after{\n  content:\"\";\n  position:absolute;\n  left:4px;\n  top:9px;\n  width:8px;\n  height:8px;\n  background:\n    linear-gradient(45deg, transparent 46%, #fff 46%, #fff 54%, transparent 54%),\n    linear-gradient(-45deg, transparent 46%, #fff 46%, #fff 54%, transparent 54%);\n}\n\/* =========================\n   RECHTS - GR\u00dcN (CHECK)\n   ========================= *\/\n.bb-checklist-green li::before{\n  content:\"\";\n  position:absolute;\n  left:0;\n  top:6px;\n  width:14px;\n  height:14px;\n  border-radius:4px;\n  background:linear-gradient(135deg,#4ade80,#16a34a);\n  box-shadow:0 2px 6px rgba(22,163,74,.25);\n}\n.bb-checklist-green li::after{\n  content:\"\";\n  position:absolute;\n  left:4px;\n  top:9px;\n  width:6px;\n  height:3px;\n  border-left:2px solid #fff;\n  border-bottom:2px solid #fff;\n  transform:rotate(-45deg);\n}\n\/* --- Responsive --- *\/\n@media (max-width:700px){\n  .bb-dual-checks{\n    grid-template-columns:1fr;\n    gap:22px;\n  }\n}\n<\/style>\n  <!-- LINKS: ROT (X) -->\n    Nicht mein Ansatz\n    <ul>\n      <li>Unklare Seitenf\u00fchrung<\/li>\n      <li>Austauschbare Inhalte<\/li>\n      <li>Technischer Wildwuchs<\/li>\n    <\/ul>\n  <!-- RECHTS: GR\u00dcN (CHECK) -->\n    Instead\n    <ul>\n      <li>Klare Struktur statt Spielereien<\/li>\n      <li>Inhalte mit Zielbezug<\/li>\n      <li>Saubere technische Umsetzung<\/li>\n    <\/ul>\n\t<p>Haas-Digital<\/p>\n<h2>\n\t\t\tSo l\u00e4uft SEO bei mir ab\t<\/h2>\n\t<style>\n\/* --- Layout --- *\/\n.bb-proc{\n  display:grid;\n  grid-template-columns:repeat(3, minmax(0, 1fr));\n  gap:18px;\n  margin:18px 0;\n}\n\/* --- Cards --- *\/\n.bb-proc-card{\n  position:relative;\n  overflow:hidden;\n  padding:18px 18px 16px;\n  border-radius:18px;\n  background:#fff;\n  border:1px solid rgba(0,0,0,.10);\n  box-shadow:0 12px 28px rgba(0,0,0,.08);\n  transform:translateY(0);\n  transition:transform .2s ease, box-shadow .2s ease, border-color .2s ease;\n  will-change: transform;\n  animation: bbProcFloat 3.8s ease-in-out infinite;\n  animation-delay: var(--d);\n}\n\/* dezente \u201eBewegung\" + Hover *\/\n.bb-proc-card:hover{\n  transform:translateY(-4px);\n  box-shadow:0 18px 40px rgba(0,0,0,.12);\n  border-color:rgba(0,0,0,.18);\n}\n\/* --- Kopfzeile --- *\/\n.bb-proc-top{\n  display:flex;\n  align-items:center;\n  gap:10px;\n  margin-bottom:8px;\n}\n.bb-proc-badge{\n  width:28px;\n  height:28px;\n  border-radius:999px;\n  border:2px solid #000;\n  display:flex;\n  align-items:center;\n  justify-content:center;\n  font-weight:800;\n  font-size:13px;\n  line-height:1;\n  background:#fff;\n  color:#000;\n  flex:0 0 auto;\n}\n.bb-proc-title{\n  margin:0;\n  font-size:16px;\n  line-height:1.2;\n  font-weight:800;\n  color:#0b1020;\n}\n.bb-proc-text{\n  margin:0;\n  font-size:14px;\n  line-height:1.5;\n  color:rgba(11,16,32,.78);\n}\n\/* --- Minimaler \u201eShine\"-Layer, sehr subtil --- *\/\n.bb-proc-card::after{\n  content:\"\";\n  position:absolute;\n  inset:-40% -60%;\n  background:linear-gradient(120deg, transparent 40%, rgba(0,0,0,.04) 50%, transparent 60%);\n  transform:translateX(-30%) rotate(8deg);\n  animation: bbProcShine 6.5s ease-in-out infinite;\n  pointer-events:none;\n  opacity:.55;\n}\n@keyframes bbProcFloat{\n  0%,100%{ transform:translateY(0); }\n  50%{ transform:translateY(-6px); }\n}\n@keyframes bbProcShine{\n  0%{ transform:translateX(-35%) rotate(8deg); }\n  50%{ transform:translateX(35%) rotate(8deg); }\n  100%{ transform:translateX(-35%) rotate(8deg); }\n}\n\/* --- Responsive --- *\/\n@media (max-width: 900px){\n  .bb-proc{ grid-template-columns:1fr; }\n  .bb-proc-card{ animation: bbProcFloat 3.8s ease-in-out infinite; }\n}\n<\/style>\n  <article>\n      1\n      <h3>Website-Check &#038; Analyse<\/h3>\n  <\/article>\n  <article>\n      2\n      <h3>Klare Einsch\u00e4tzung &#038; Empfehlung<\/h3>\n  <\/article>\n  <article>\n      3\n      <h3>Umsetzung &#038; Weiterentwicklung<\/h3>\n  <\/article>\n<h2>\n\t\t\tIst SEO f\u00fcr dein Unternehmen aktuell sinnvoll?\t<\/h2>\n\t<p>Lass uns das kurz pr\u00fcfen.<br data-start=\"4290\" data-end=\"4293\" \/>Im Website-Check bekommst du eine ehrliche Einsch\u00e4tzung<\/p>\n<p>&#8211; ohne Verkaufsdruck.<\/p>\n\t\t\t<a href=\"https:\/\/haas-digital.de\/en\/website-check\/\"  target=\"_self\">\n\t\t\t\t\t\t\tFree website check\n\t\t\t\t\t<\/a>\n\t\t<footer class=\"haas-digital-footer\">\r\n\t\t<div class=\"haas-digital-footer-inner\">\r\n\r\n\t\t\t<!-- LEFT: BRAND -->\r\n\t\t\t<div class=\"footer-brand\">\r\n\t\t\t\t<img decoding=\"async\" src=\"https:\/\/haas-digital.de\/wp-content\/uploads\/2025\/02\/cropped-cropped-HD_Logo.png\" alt=\"Haas-Digital Logo\" class=\"footer-logo\">\r\n\r\n\t\t\t\t<p class=\"footer-address\">Kiefernring 29B<br>15749 Mittenwalde<\/p>\r\n\r\n\t\t\t\t<div class=\"footer-contact\">\r\n\t\t\t\t\t<a href=\"tel:+491784009016\">0178 400 901 6<\/a>\r\n\t\t\t\t\t<a href=\"mailto:kontakt@haas-digital.de\">kontakt@haas-digital.de<\/a>\r\n\t\t\t\t<\/div>\r\n\r\n\t\t\t\t<div class=\"footer-brand-divider\"><\/div>\r\n\r\n\t\t\t\t<div class=\"footer-mini\">\r\n\t\t\t\t\t<div class=\"footer-mini-title\">Unternehmen<\/div>\r\n\r\n\t\t\t\t\t<nav class=\"footer-mini-links\" aria-label=\"Unternehmen\">\r\n\t\t\t\t\t\t<a href=\"\/en\/ueber-mich\/\">About<\/a>\r\n\t\t\t\t\t\t<a href=\"\/en\/blog2\/\">Blog &amp; Insights<\/a>\r\n\t\t\t\t\t\t<a href=\"\/en\/kontakt\/\">Contact<\/a>\r\n\t\t\t\t\t\t<a href=\"\/en\/impressum\/\">Imprint<\/a>\r\n\t\t\t\t\t\t<a href=\"\/en\/datenschutzerklarung\/\">Data protection<\/a>\r\n\t\t\t\t\t<\/nav>\r\n\t\t\t\t<\/div>\r\n\t\t\t<\/div>\r\n\r\n\t\t\t<!-- COLUMN 1 -->\r\n\t\t\t<div class=\"footer-col\">\r\n\t\t\t\t<div class=\"footer-title\">WEBSITE ERSTELLEN<\/div>\r\n\t\t\t\t<a href=\"\/en\/leistungen\/webdesign-wordpress\/onepager-landingpages\/\">One-pagers &amp; landing pages<\/a>\r\n\t\t\t\t<a href=\"\/en\/leistungen\/webdesign-wordpress\/website-relaunch\/\">Website relaunch<\/a>\r\n\t\t\t\t<a href=\"\/en\/leistungen\/webdesign-wordpress\/wordpress-onlineshop\/\">WordPress online store<\/a>\r\n\t\t\t\t<a href=\"\/en\/leistungen\/webdesign-wordpress\/pagespeed-optimierung\/\">PageSpeed Optimierung<\/a>\r\n\t\t\t<\/div>\r\n\r\n\t\t\t<!-- COLUMN 2 -->\r\n\t\t\t<div class=\"footer-col\">\r\n\t\t\t\t<div class=\"footer-title\">SUCHMASCHINENOPTIMIERUNG<\/div>\r\n\t\t\t\t<a href=\"\/en\/was-ist-seo\/\">What is SEO?<\/a>\r\n\t\t\t\t<a href=\"\/en\/coming-soon\/\">SEO specialist for companies<\/a>\r\n\t\t\t\t<a href=\"\/en\/coming-soon\/\">Local search engine optimization<\/a>\r\n\t\t\t\t<a href=\"\/en\/coming-soon\/\">SEO for SMEs<\/a>\r\n\t\t\t\t<a href=\"\/en\/coming-soon\/\">More visibility on Google<\/a>\r\n\t\t\t\t<a href=\"\/en\/website-check\/\">Kostenloser Website Check<\/a>\r\n\t\t\t<\/div>\r\n\r\n\t\t\t<!-- COLUMN 3 -->\r\n\t\t\t<div class=\"footer-col\">\r\n\t\t\t\t<div class=\"footer-title\">WARTUNG & BETREUUNG<\/div>\r\n\t\t\t\t<a href=\"\/en\/coming-soon\/\">WordPress Updates & Sicherheitsupdates<\/a>\r\n\t\t\t\t<a href=\"\/en\/coming-soon\/\">Plugin- und Theme-Pflege<\/a>\r\n\t\t\t\t<a href=\"\/en\/coming-soon\/\">Fehlerbehebung nach Updates<\/a>\r\n\t\t\t\t<a href=\"\/en\/coming-soon\/\">Performance-Optimierung<\/a>\r\n\t\t\t<\/div>\r\n\r\n\t\t<\/div>\r\n\t<\/footer>\r\n\r\n\t<style>\r\n\t.haas-digital-footer{\r\n\t\tbackground:#282B2F;\r\n\t\tpadding:70px 20px;\r\n\t\tfont-size:14px;\r\n\t\tcolor:#ffffff;\r\n\t}\r\n\r\n\t.haas-digital-footer-inner{\r\n\t\tmax-width:1200px;\r\n\t\tmargin:0 auto;\r\n\t\tdisplay:grid;\r\n\t\tgrid-template-columns:1.2fr repeat(3,1fr);\r\n\t\tgap:50px;\r\n\t}\r\n\r\n\t\/* BRAND *\/\r\n\t.footer-brand{\r\n\t\tdisplay:flex;\r\n\t\tflex-direction:column;\r\n\t}\r\n\r\n\t.footer-logo{\r\n\t\twidth:240px;\r\n\t\tmax-height:140px;\r\n\t\theight:auto;\r\n\t\tobject-fit:contain;\r\n\t\tmargin-bottom:14px;\r\n\t}\r\n\r\n\t.footer-address{\r\n\t\tmargin:0 0 12px;\r\n\t\topacity:.95;\r\n\t\tline-height:1.5;\r\n\t}\r\n\r\n\t.footer-contact a{\r\n\t\tdisplay:block;\r\n\t\tmargin-top:8px;\r\n\t\tcolor:#ffffff;\r\n\t\ttext-decoration:none;\r\n\t\topacity:.92;\r\n\t\ttransition:color .2s ease, opacity .2s ease;\r\n\t}\r\n\r\n\t.footer-contact a:hover,\r\n\t.footer-contact a:active{\r\n\t\tcolor:#8FA3B8;\r\n\t\topacity:1;\r\n\t}\r\n\r\n\t.footer-brand-divider{\r\n\t\theight:1px;\r\n\t\tbackground:rgba(255,255,255,.14);\r\n\t\tmargin:18px 0 16px;\r\n\t}\r\n\r\n\t\/* MINI (Unternehmen im linken Block) *\/\r\n\t.footer-mini-title{\r\n\t\tfont-size:12px;\r\n\t\tletter-spacing:1.1px;\r\n\t\ttext-transform:uppercase;\r\n\t\tfont-weight:700;\r\n\t\topacity:.85;\r\n\t\tmargin-bottom:10px;\r\n\t}\r\n\r\n\t.footer-mini-links{\r\n\t\tdisplay:grid;\r\n\t\tgrid-template-columns:repeat(2, minmax(0,1fr));\r\n\t\tgap:8px 18px;\r\n\t}\r\n\r\n\t.footer-mini-links a{\r\n\t\tcolor:#ffffff;\r\n\t\ttext-decoration:none;\r\n\t\topacity:.85;\r\n\t\ttransition:color .2s ease, opacity .2s ease;\r\n\t}\r\n\r\n\t.footer-mini-links a:hover,\r\n\t.footer-mini-links a:active{\r\n\t\tcolor:#8FA3B8;\r\n\t\topacity:1;\r\n\t}\r\n\r\n\t\/* RIGHT COLS *\/\r\n\t.footer-col a{\r\n\t\tdisplay:block;\r\n\t\tmargin-top:8px;\r\n\t\tcolor:#ffffff;\r\n\t\ttext-decoration:none;\r\n\t\topacity:.9;\r\n\t\ttransition:color .2s ease, opacity .2s ease;\r\n\t}\r\n\r\n\t.footer-col a:hover,\r\n\t.footer-col a:active{\r\n\t\tcolor:#8FA3B8;\r\n\t\topacity:1;\r\n\t}\r\n\r\n\t.footer-title{\r\n\t\tfont-size:13px;\r\n\t\tletter-spacing:1.2px;\r\n\t\ttext-transform:uppercase;\r\n\t\tfont-weight:700;\r\n\t\tcolor:#ffffff;\r\n\t\tmargin:0 0 14px;\r\n\t\tposition:relative;\r\n\t}\r\n\r\n\t.footer-title::after{\r\n\t\tcontent:\"\";\r\n\t\tdisplay:block;\r\n\t\twidth:28px;\r\n\t\theight:2px;\r\n\t\tbackground:#ffffff;\r\n\t\tmargin-top:8px;\r\n\t\topacity:.4;\r\n\t}\r\n\r\n\t\/* RESPONSIVE *\/\r\n\t@media(max-width:900px){\r\n\t\t.haas-digital-footer-inner{\r\n\t\t\tgrid-template-columns:1fr;\r\n\t\t\tgap:40px;\r\n\t\t}\r\n\r\n\t\t.footer-logo{\r\n\t\t\twidth:170px;\r\n\t\t\tmax-height:60px;\r\n\t\t}\r\n\r\n\t\t.footer-mini-links{\r\n\t\t\tgrid-template-columns:1fr;\r\n\t\t}\r\n\t}\r\n\t<\/style>","protected":false},"excerpt":{"rendered":"<p>Suchmaschinenoptimierung (SEO) Strukturiertes SEO, damit dein Unternehmen bei Google gefunden wird und Anfragen entstehen. Kostenloser Website-Check Haas-Digital | Webdesign Wann SEO f\u00fcr dein Unternehmen sinnvoll ist SEO ist kein kurzfristiger Hebel, sondern eine strategische Ma\u00dfnahme.Es lohnt sich f\u00fcr Unternehmen, die dauerhaft sichtbar sein und regelm\u00e4\u00dfig qualifizierte Anfragen \u00fcber Google gewinnen wollen. Unternehmen mit klarer Leistung&#8230;<\/p>","protected":false},"author":1,"featured_media":0,"parent":633,"menu_order":0,"comment_status":"closed","ping_status":"closed","template":"","meta":{"_kadence_starter_templates_imported_post":true,"_kad_post_transparent":"","_kad_post_title":"hide","_kad_post_layout":"fullwidth","_kad_post_sidebar_id":"","_kad_post_content_style":"unboxed","_kad_post_vertical_padding":"hide","_kad_post_feature":"hide","_kad_post_feature_position":"","_kad_post_header":false,"_kad_post_footer":false,"_kad_post_classname":"","footnotes":""},"class_list":["post-870","page","type-page","status-publish","hentry"],"yoast_head":"<!-- This site is optimized with the Yoast SEO Premium plugin v27.0 (Yoast SEO v27.5) - https:\/\/yoast.com\/product\/yoast-seo-premium-wordpress\/ -->\n<title>Suchmaschinenoptimierung f\u00fcr Unternehmen | Haas-Digital<\/title>\n<meta name=\"description\" content=\"Suchmaschinenoptimierung f\u00fcr Unternehmen: strukturiertes SEO, klare Inhalte und ehrliche Einsch\u00e4tzung zur Sichtbarkeit bei Google.\" \/>\n<meta name=\"robots\" content=\"index, follow, max-snippet:-1, max-image-preview:large, max-video-preview:-1\" \/>\n<link rel=\"canonical\" href=\"https:\/\/haas-digital.de\/en\/leistungen\/suchmaschinenoptimierung\/\" \/>\n<meta property=\"og:locale\" content=\"en_US\" \/>\n<meta property=\"og:type\" content=\"article\" \/>\n<meta property=\"og:title\" content=\"Suchmaschinenoptimierung\" \/>\n<meta property=\"og:description\" content=\"Suchmaschinenoptimierung f\u00fcr Unternehmen: strukturiertes SEO, klare Inhalte und ehrliche Einsch\u00e4tzung zur Sichtbarkeit bei Google.\" \/>\n<meta property=\"og:url\" content=\"https:\/\/haas-digital.de\/en\/leistungen\/suchmaschinenoptimierung\/\" \/>\n<meta property=\"og:site_name\" content=\"Haas-Digital\" \/>\n<meta property=\"article:publisher\" content=\"https:\/\/www.facebook.com\/profile.php?id=61574417733804\" \/>\n<meta property=\"article:modified_time\" content=\"2026-02-12T13:24:59+00:00\" \/>\n<meta property=\"og:image\" content=\"https:\/\/haas-digital.de\/wp-content\/uploads\/2025\/04\/HD_logo.png\" \/>\n\t<meta property=\"og:image:width\" content=\"6000\" \/>\n\t<meta property=\"og:image:height\" content=\"4500\" \/>\n\t<meta property=\"og:image:type\" content=\"image\/png\" \/>\n<meta name=\"twitter:card\" content=\"summary_large_image\" \/>\n<meta name=\"twitter:label1\" content=\"Est. reading time\" \/>\n\t<meta name=\"twitter:data1\" content=\"3 minutes\" \/>\n<script type=\"application\/ld+json\" class=\"yoast-schema-graph\">{\"@context\":\"https:\\\/\\\/schema.org\",\"@graph\":[{\"@type\":\"WebPage\",\"@id\":\"https:\\\/\\\/haas-digital.de\\\/leistungen\\\/suchmaschinenoptimierung\\\/\",\"url\":\"https:\\\/\\\/haas-digital.de\\\/leistungen\\\/suchmaschinenoptimierung\\\/\",\"name\":\"Suchmaschinenoptimierung f\u00fcr Unternehmen | Haas-Digital\",\"isPartOf\":{\"@id\":\"https:\\\/\\\/haas-digital.de\\\/#website\"},\"datePublished\":\"2026-01-29T13:15:27+00:00\",\"dateModified\":\"2026-02-12T13:24:59+00:00\",\"description\":\"Suchmaschinenoptimierung f\u00fcr Unternehmen: strukturiertes SEO, klare Inhalte und ehrliche Einsch\u00e4tzung zur Sichtbarkeit bei Google.\",\"breadcrumb\":{\"@id\":\"https:\\\/\\\/haas-digital.de\\\/leistungen\\\/suchmaschinenoptimierung\\\/#breadcrumb\"},\"inLanguage\":\"en-US\",\"potentialAction\":[{\"@type\":\"ReadAction\",\"target\":[\"https:\\\/\\\/haas-digital.de\\\/leistungen\\\/suchmaschinenoptimierung\\\/\"]}]},{\"@type\":\"BreadcrumbList\",\"@id\":\"https:\\\/\\\/haas-digital.de\\\/leistungen\\\/suchmaschinenoptimierung\\\/#breadcrumb\",\"itemListElement\":[{\"@type\":\"ListItem\",\"position\":1,\"name\":\"Startseite\",\"item\":\"https:\\\/\\\/haas-digital.de\\\/\"},{\"@type\":\"ListItem\",\"position\":2,\"name\":\"Leistungen\",\"item\":\"https:\\\/\\\/haas-digital.de\\\/leistungen\\\/\"},{\"@type\":\"ListItem\",\"position\":3,\"name\":\"Suchmaschinenoptimierung\"}]},{\"@type\":\"WebSite\",\"@id\":\"https:\\\/\\\/haas-digital.de\\\/#website\",\"url\":\"https:\\\/\\\/haas-digital.de\\\/\",\"name\":\"Haas-Digital\",\"description\":\"Starke Online-Pr\u00e4senz f\u00fcr starke Unternehmen.\",\"publisher\":{\"@id\":\"https:\\\/\\\/haas-digital.de\\\/#organization\"},\"potentialAction\":[{\"@type\":\"SearchAction\",\"target\":{\"@type\":\"EntryPoint\",\"urlTemplate\":\"https:\\\/\\\/haas-digital.de\\\/?s={search_term_string}\"},\"query-input\":{\"@type\":\"PropertyValueSpecification\",\"valueRequired\":true,\"valueName\":\"search_term_string\"}}],\"inLanguage\":\"en-US\"},{\"@type\":\"Organization\",\"@id\":\"https:\\\/\\\/haas-digital.de\\\/#organization\",\"name\":\"Haas Digital\",\"url\":\"https:\\\/\\\/haas-digital.de\\\/\",\"logo\":{\"@type\":\"ImageObject\",\"inLanguage\":\"en-US\",\"@id\":\"https:\\\/\\\/haas-digital.de\\\/#\\\/schema\\\/logo\\\/image\\\/\",\"url\":\"https:\\\/\\\/haas-digital.de\\\/wp-content\\\/uploads\\\/2025\\\/04\\\/HD_WaufS.png\",\"contentUrl\":\"https:\\\/\\\/haas-digital.de\\\/wp-content\\\/uploads\\\/2025\\\/04\\\/HD_WaufS.png\",\"width\":6000,\"height\":4500,\"caption\":\"Haas Digital\"},\"image\":{\"@id\":\"https:\\\/\\\/haas-digital.de\\\/#\\\/schema\\\/logo\\\/image\\\/\"},\"sameAs\":[\"https:\\\/\\\/www.facebook.com\\\/profile.php?id=61574417733804\",\"https:\\\/\\\/www.instagram.com\\\/haas_digital.de\\\/\"],\"email\":\"kontakt@haas-digital.de\",\"telephone\":\"0178 400 901 6\",\"legalName\":\"Haas-Digital\",\"foundingDate\":\"2025-01-01\",\"numberOfEmployees\":{\"@type\":\"QuantitativeValue\",\"minValue\":\"1\",\"maxValue\":\"10\"}}]}<\/script>\n<!-- \/ Yoast SEO Premium plugin. -->","yoast_head_json":{"title":"Suchmaschinenoptimierung f\u00fcr Unternehmen | Haas-Digital","description":"Suchmaschinenoptimierung f\u00fcr Unternehmen: strukturiertes SEO, klare Inhalte und ehrliche Einsch\u00e4tzung zur Sichtbarkeit bei Google.","robots":{"index":"index","follow":"follow","max-snippet":"max-snippet:-1","max-image-preview":"max-image-preview:large","max-video-preview":"max-video-preview:-1"},"canonical":"https:\/\/haas-digital.de\/en\/leistungen\/suchmaschinenoptimierung\/","og_locale":"en_US","og_type":"article","og_title":"Suchmaschinenoptimierung","og_description":"Suchmaschinenoptimierung f\u00fcr Unternehmen: strukturiertes SEO, klare Inhalte und ehrliche Einsch\u00e4tzung zur Sichtbarkeit bei Google.","og_url":"https:\/\/haas-digital.de\/en\/leistungen\/suchmaschinenoptimierung\/","og_site_name":"Haas-Digital","article_publisher":"https:\/\/www.facebook.com\/profile.php?id=61574417733804","article_modified_time":"2026-02-12T13:24:59+00:00","og_image":[{"width":6000,"height":4500,"url":"https:\/\/haas-digital.de\/wp-content\/uploads\/2025\/04\/HD_logo.png","type":"image\/png"}],"twitter_card":"summary_large_image","twitter_misc":{"Est. reading time":"3 minutes"},"schema":{"@context":"https:\/\/schema.org","@graph":[{"@type":"WebPage","@id":"https:\/\/haas-digital.de\/leistungen\/suchmaschinenoptimierung\/","url":"https:\/\/haas-digital.de\/leistungen\/suchmaschinenoptimierung\/","name":"Suchmaschinenoptimierung f\u00fcr Unternehmen | Haas-Digital","isPartOf":{"@id":"https:\/\/haas-digital.de\/#website"},"datePublished":"2026-01-29T13:15:27+00:00","dateModified":"2026-02-12T13:24:59+00:00","description":"Suchmaschinenoptimierung f\u00fcr Unternehmen: strukturiertes SEO, klare Inhalte und ehrliche Einsch\u00e4tzung zur Sichtbarkeit bei Google.","breadcrumb":{"@id":"https:\/\/haas-digital.de\/leistungen\/suchmaschinenoptimierung\/#breadcrumb"},"inLanguage":"en-US","potentialAction":[{"@type":"ReadAction","target":["https:\/\/haas-digital.de\/leistungen\/suchmaschinenoptimierung\/"]}]},{"@type":"BreadcrumbList","@id":"https:\/\/haas-digital.de\/leistungen\/suchmaschinenoptimierung\/#breadcrumb","itemListElement":[{"@type":"ListItem","position":1,"name":"Startseite","item":"https:\/\/haas-digital.de\/"},{"@type":"ListItem","position":2,"name":"Leistungen","item":"https:\/\/haas-digital.de\/leistungen\/"},{"@type":"ListItem","position":3,"name":"Suchmaschinenoptimierung"}]},{"@type":"WebSite","@id":"https:\/\/haas-digital.de\/#website","url":"https:\/\/haas-digital.de\/","name":"Haas-Digital","description":"Starke Online-Pr\u00e4senz f\u00fcr starke Unternehmen.","publisher":{"@id":"https:\/\/haas-digital.de\/#organization"},"potentialAction":[{"@type":"SearchAction","target":{"@type":"EntryPoint","urlTemplate":"https:\/\/haas-digital.de\/?s={search_term_string}"},"query-input":{"@type":"PropertyValueSpecification","valueRequired":true,"valueName":"search_term_string"}}],"inLanguage":"en-US"},{"@type":"Organization","@id":"https:\/\/haas-digital.de\/#organization","name":"Haas Digital","url":"https:\/\/haas-digital.de\/","logo":{"@type":"ImageObject","inLanguage":"en-US","@id":"https:\/\/haas-digital.de\/#\/schema\/logo\/image\/","url":"https:\/\/haas-digital.de\/wp-content\/uploads\/2025\/04\/HD_WaufS.png","contentUrl":"https:\/\/haas-digital.de\/wp-content\/uploads\/2025\/04\/HD_WaufS.png","width":6000,"height":4500,"caption":"Haas Digital"},"image":{"@id":"https:\/\/haas-digital.de\/#\/schema\/logo\/image\/"},"sameAs":["https:\/\/www.facebook.com\/profile.php?id=61574417733804","https:\/\/www.instagram.com\/haas_digital.de\/"],"email":"kontakt@haas-digital.de","telephone":"0178 400 901 6","legalName":"Haas-Digital","foundingDate":"2025-01-01","numberOfEmployees":{"@type":"QuantitativeValue","minValue":"1","maxValue":"10"}}]}},"_links":{"self":[{"href":"https:\/\/haas-digital.de\/en\/wp-json\/wp\/v2\/pages\/870","targetHints":{"allow":["GET"]}}],"collection":[{"href":"https:\/\/haas-digital.de\/en\/wp-json\/wp\/v2\/pages"}],"about":[{"href":"https:\/\/haas-digital.de\/en\/wp-json\/wp\/v2\/types\/page"}],"author":[{"embeddable":true,"href":"https:\/\/haas-digital.de\/en\/wp-json\/wp\/v2\/users\/1"}],"replies":[{"embeddable":true,"href":"https:\/\/haas-digital.de\/en\/wp-json\/wp\/v2\/comments?post=870"}],"version-history":[{"count":11,"href":"https:\/\/haas-digital.de\/en\/wp-json\/wp\/v2\/pages\/870\/revisions"}],"predecessor-version":[{"id":1065,"href":"https:\/\/haas-digital.de\/en\/wp-json\/wp\/v2\/pages\/870\/revisions\/1065"}],"up":[{"embeddable":true,"href":"https:\/\/haas-digital.de\/en\/wp-json\/wp\/v2\/pages\/633"}],"wp:attachment":[{"href":"https:\/\/haas-digital.de\/en\/wp-json\/wp\/v2\/media?parent=870"}],"curies":[{"name":"wp","href":"https:\/\/api.w.org\/{rel}","templated":true}]}}