{"id":536,"date":"2025-06-13T22:44:25","date_gmt":"2025-06-13T20:44:25","guid":{"rendered":"https:\/\/haas-digital.de\/?page_id=536"},"modified":"2025-06-13T22:48:57","modified_gmt":"2025-06-13T20:48:57","slug":"webdesign-in-mittenwalde","status":"publish","type":"page","link":"https:\/\/haas-digital.de\/en\/webdesign-in-mittenwalde\/","title":{"rendered":"Webdesign in Mittenwalde"},"content":{"rendered":"<h1>\n\t\t\tWebdesign in Mittenwalde &#8211; Webseiten, die Kunden bringen\t<\/h1>\n\t<p>Du brauchst eine Website f\u00fcr dein Unternehmen in Mittenwalde oder Umgebung?<\/p>\n<p>Ich bin Simon von Haas Digital &#8211; spezialisiert auf Webdesign, das nicht nur gut aussieht, sondern auch gefunden wird.<\/p>\n<p>Lokal. Schnell. Wirkungsvoll.<\/p>\n\t\t\t<a href=\"https:\/\/haas-digital.de\/en\/kontakt\/\" target=\"_self\">\n\t\t\t\t\t\t\tLass uns \u00fcber deine Website sprechen\n\t\t\t\t\t<\/a>\n\t\t\t33%\n\t<p>Web design<\/p>\n\t\t\t66%\n\t<p>Webdesign mit SEO<\/p>\n\t\t\t100%\n\t<p>Webdesign mit SEO und Social Media<\/p>\n<h2>\n\t\t\tKundenmeinungen\t<\/h2>\n\t\t\t<blockquote><p>Dank Haas-Digital habe ich jetzt eine moderne Website und bin endlich auch online besser sichtbar. Die Zusammenarbeit war unkompliziert, schnell und genau auf mein Gesch\u00e4ft abgestimmt. Klare Empfehlung f\u00fcr alle, die online gefunden werden wollen!<strong>Martin Koeser<\/strong><\/p><\/blockquote>\t\t\n\t\t\t<blockquote><p>Ich brauchte f\u00fcr mein startup eine Internetpr\u00e4senz und war \u00fcberrascht, wie gut das mit der online Kundengewinnung funktioniert. Ich kann Haas-Digital nur empfehlen! Lief alles sehr unkompliziert.<strong>Danijel \u0106osi\u0107<\/strong><\/p><\/blockquote>\t\t\n\t\t\t<blockquote><p>Ganz klar 5 Sterne! Super Service, top Erreichbarkeit, schnelle und unkomplizierte Kommunikation. Wir brauchten eine neue Website f\u00fcr unsere Agentur &#8211; alles fix und fertig und das in Rekordzeit. Wir freuen uns auf die weitere Zusammenarbeit mit Herrn Haas.<strong>Chris Plundrich<\/strong><\/p><\/blockquote>\t\t\n\t<h3>Responsive Design<\/h3><p>Deine Website strahlt auf jedem Endger\u00e4t!<\/p>\n\t<h3>WordPress als Basis<\/h3><p>WordPress bietet eine solide Basis, um all deine Anforderungen umzusetzen<\/p>\n\t<h3>Social Media<\/h3><p>Erreiche mehr Menschen, mit einer gezielten Strategie f\u00fcr dein Unternehmen<\/p>","protected":false},"excerpt":{"rendered":"<p>Webdesign in Mittenwalde &#8211; Webseiten, die Kunden bringen Du brauchst eine Website f\u00fcr dein Unternehmen in Mittenwalde oder Umgebung? Ich bin Simon von Haas Digital &#8211; spezialisiert auf Webdesign, das nicht nur gut aussieht, sondern auch gefunden wird. Lokal. Schnell. Wirkungsvoll. Lass uns \u00fcber deine Website sprechen 33% Webdesign 66% Webdesign mit SEO 100% Webdesign&#8230;<\/p>","protected":false},"author":1,"featured_media":0,"parent":0,"menu_order":0,"comment_status":"closed","ping_status":"closed","template":"","meta":{"_kadence_starter_templates_imported_post":false,"_kad_post_transparent":"","_kad_post_title":"","_kad_post_layout":"","_kad_post_sidebar_id":"","_kad_post_content_style":"","_kad_post_vertical_padding":"","_kad_post_feature":"","_kad_post_feature_position":"","_kad_post_header":false,"_kad_post_footer":false,"_kad_post_classname":"","footnotes":""},"class_list":["post-536","page","type-page","status-publish","hentry"],"yoast_head":"<!-- This site is optimized with the Yoast SEO Premium plugin v27.0 (Yoast SEO v27.5) - https:\/\/yoast.com\/product\/yoast-seo-premium-wordpress\/ -->\n<title>Webdesign in Mittenwalde: Modern und mobilfreundlich - Haas-Digital<\/title>\n<meta name=\"description\" content=\"Simon von Haas Digital bietet individuelles Webdesign in Mittenwalde. Erreiche mehr Kunden mit gezielten Strategien.\" \/>\n<meta name=\"robots\" content=\"index, follow, max-snippet:-1, max-image-preview:large, max-video-preview:-1\" \/>\n<link rel=\"canonical\" href=\"https:\/\/haas-digital.de\/en\/webdesign-in-mittenwalde\/\" \/>\n<meta property=\"og:locale\" content=\"en_US\" \/>\n<meta property=\"og:type\" content=\"article\" \/>\n<meta property=\"og:title\" content=\"Webdesign in Mittenwalde\" \/>\n<meta property=\"og:description\" content=\"Simon von Haas Digital bietet individuelles Webdesign in Mittenwalde. Erreiche mehr Kunden mit gezielten Strategien.\" \/>\n<meta property=\"og:url\" content=\"https:\/\/haas-digital.de\/en\/webdesign-in-mittenwalde\/\" \/>\n<meta property=\"og:site_name\" content=\"Haas-Digital\" \/>\n<meta property=\"article:publisher\" content=\"https:\/\/www.facebook.com\/profile.php?id=61574417733804\" \/>\n<meta property=\"article:modified_time\" content=\"2025-06-13T20:48:57+00:00\" \/>\n<meta property=\"og:image\" content=\"https:\/\/haas-digital.de\/wp-content\/uploads\/2025\/04\/HD_logo.png\" \/>\n\t<meta property=\"og:image:width\" content=\"6000\" \/>\n\t<meta property=\"og:image:height\" content=\"4500\" \/>\n\t<meta property=\"og:image:type\" content=\"image\/png\" \/>\n<meta name=\"twitter:card\" content=\"summary_large_image\" \/>\n<meta name=\"twitter:label1\" content=\"Est. reading time\" \/>\n\t<meta name=\"twitter:data1\" content=\"1 minute\" \/>\n<script type=\"application\/ld+json\" class=\"yoast-schema-graph\">{\"@context\":\"https:\\\/\\\/schema.org\",\"@graph\":[{\"@type\":\"WebPage\",\"@id\":\"https:\\\/\\\/haas-digital.de\\\/webdesign-in-mittenwalde\\\/\",\"url\":\"https:\\\/\\\/haas-digital.de\\\/webdesign-in-mittenwalde\\\/\",\"name\":\"Webdesign in Mittenwalde: Modern und mobilfreundlich - Haas-Digital\",\"isPartOf\":{\"@id\":\"https:\\\/\\\/haas-digital.de\\\/#website\"},\"datePublished\":\"2025-06-13T20:44:25+00:00\",\"dateModified\":\"2025-06-13T20:48:57+00:00\",\"description\":\"Simon von Haas Digital bietet individuelles Webdesign in Mittenwalde. Erreiche mehr Kunden mit gezielten Strategien.\",\"breadcrumb\":{\"@id\":\"https:\\\/\\\/haas-digital.de\\\/webdesign-in-mittenwalde\\\/#breadcrumb\"},\"inLanguage\":\"en-US\",\"potentialAction\":[{\"@type\":\"ReadAction\",\"target\":[\"https:\\\/\\\/haas-digital.de\\\/webdesign-in-mittenwalde\\\/\"]}]},{\"@type\":\"BreadcrumbList\",\"@id\":\"https:\\\/\\\/haas-digital.de\\\/webdesign-in-mittenwalde\\\/#breadcrumb\",\"itemListElement\":[{\"@type\":\"ListItem\",\"position\":1,\"name\":\"Startseite\",\"item\":\"https:\\\/\\\/haas-digital.de\\\/\"},{\"@type\":\"ListItem\",\"position\":2,\"name\":\"Webdesign in Mittenwalde\"}]},{\"@type\":\"WebSite\",\"@id\":\"https:\\\/\\\/haas-digital.de\\\/#website\",\"url\":\"https:\\\/\\\/haas-digital.de\\\/\",\"name\":\"Haas-Digital\",\"description\":\"Starke Online-Pr\u00e4senz f\u00fcr starke Unternehmen.\",\"publisher\":{\"@id\":\"https:\\\/\\\/haas-digital.de\\\/#organization\"},\"potentialAction\":[{\"@type\":\"SearchAction\",\"target\":{\"@type\":\"EntryPoint\",\"urlTemplate\":\"https:\\\/\\\/haas-digital.de\\\/?s={search_term_string}\"},\"query-input\":{\"@type\":\"PropertyValueSpecification\",\"valueRequired\":true,\"valueName\":\"search_term_string\"}}],\"inLanguage\":\"en-US\"},{\"@type\":\"Organization\",\"@id\":\"https:\\\/\\\/haas-digital.de\\\/#organization\",\"name\":\"Haas Digital\",\"url\":\"https:\\\/\\\/haas-digital.de\\\/\",\"logo\":{\"@type\":\"ImageObject\",\"inLanguage\":\"en-US\",\"@id\":\"https:\\\/\\\/haas-digital.de\\\/#\\\/schema\\\/logo\\\/image\\\/\",\"url\":\"https:\\\/\\\/haas-digital.de\\\/wp-content\\\/uploads\\\/2025\\\/04\\\/HD_WaufS.png\",\"contentUrl\":\"https:\\\/\\\/haas-digital.de\\\/wp-content\\\/uploads\\\/2025\\\/04\\\/HD_WaufS.png\",\"width\":6000,\"height\":4500,\"caption\":\"Haas Digital\"},\"image\":{\"@id\":\"https:\\\/\\\/haas-digital.de\\\/#\\\/schema\\\/logo\\\/image\\\/\"},\"sameAs\":[\"https:\\\/\\\/www.facebook.com\\\/profile.php?id=61574417733804\",\"https:\\\/\\\/www.instagram.com\\\/haas_digital.de\\\/\"],\"email\":\"kontakt@haas-digital.de\",\"telephone\":\"0178 400 901 6\",\"legalName\":\"Haas-Digital\",\"foundingDate\":\"2025-01-01\",\"numberOfEmployees\":{\"@type\":\"QuantitativeValue\",\"minValue\":\"1\",\"maxValue\":\"10\"}}]}<\/script>\n<!-- \/ Yoast SEO Premium plugin. -->","yoast_head_json":{"title":"Webdesign in Mittenwalde: Modern und mobilfreundlich - Haas-Digital","description":"Simon von Haas Digital bietet individuelles Webdesign in Mittenwalde. Erreiche mehr Kunden mit gezielten Strategien.","robots":{"index":"index","follow":"follow","max-snippet":"max-snippet:-1","max-image-preview":"max-image-preview:large","max-video-preview":"max-video-preview:-1"},"canonical":"https:\/\/haas-digital.de\/en\/webdesign-in-mittenwalde\/","og_locale":"en_US","og_type":"article","og_title":"Webdesign in Mittenwalde","og_description":"Simon von Haas Digital bietet individuelles Webdesign in Mittenwalde. Erreiche mehr Kunden mit gezielten Strategien.","og_url":"https:\/\/haas-digital.de\/en\/webdesign-in-mittenwalde\/","og_site_name":"Haas-Digital","article_publisher":"https:\/\/www.facebook.com\/profile.php?id=61574417733804","article_modified_time":"2025-06-13T20:48:57+00:00","og_image":[{"width":6000,"height":4500,"url":"https:\/\/haas-digital.de\/wp-content\/uploads\/2025\/04\/HD_logo.png","type":"image\/png"}],"twitter_card":"summary_large_image","twitter_misc":{"Est. reading time":"1 minute"},"schema":{"@context":"https:\/\/schema.org","@graph":[{"@type":"WebPage","@id":"https:\/\/haas-digital.de\/webdesign-in-mittenwalde\/","url":"https:\/\/haas-digital.de\/webdesign-in-mittenwalde\/","name":"Webdesign in Mittenwalde: Modern und mobilfreundlich - Haas-Digital","isPartOf":{"@id":"https:\/\/haas-digital.de\/#website"},"datePublished":"2025-06-13T20:44:25+00:00","dateModified":"2025-06-13T20:48:57+00:00","description":"Simon von Haas Digital bietet individuelles Webdesign in Mittenwalde. Erreiche mehr Kunden mit gezielten Strategien.","breadcrumb":{"@id":"https:\/\/haas-digital.de\/webdesign-in-mittenwalde\/#breadcrumb"},"inLanguage":"en-US","potentialAction":[{"@type":"ReadAction","target":["https:\/\/haas-digital.de\/webdesign-in-mittenwalde\/"]}]},{"@type":"BreadcrumbList","@id":"https:\/\/haas-digital.de\/webdesign-in-mittenwalde\/#breadcrumb","itemListElement":[{"@type":"ListItem","position":1,"name":"Startseite","item":"https:\/\/haas-digital.de\/"},{"@type":"ListItem","position":2,"name":"Webdesign in Mittenwalde"}]},{"@type":"WebSite","@id":"https:\/\/haas-digital.de\/#website","url":"https:\/\/haas-digital.de\/","name":"Haas-Digital","description":"Starke Online-Pr\u00e4senz f\u00fcr starke Unternehmen.","publisher":{"@id":"https:\/\/haas-digital.de\/#organization"},"potentialAction":[{"@type":"SearchAction","target":{"@type":"EntryPoint","urlTemplate":"https:\/\/haas-digital.de\/?s={search_term_string}"},"query-input":{"@type":"PropertyValueSpecification","valueRequired":true,"valueName":"search_term_string"}}],"inLanguage":"en-US"},{"@type":"Organization","@id":"https:\/\/haas-digital.de\/#organization","name":"Haas Digital","url":"https:\/\/haas-digital.de\/","logo":{"@type":"ImageObject","inLanguage":"en-US","@id":"https:\/\/haas-digital.de\/#\/schema\/logo\/image\/","url":"https:\/\/haas-digital.de\/wp-content\/uploads\/2025\/04\/HD_WaufS.png","contentUrl":"https:\/\/haas-digital.de\/wp-content\/uploads\/2025\/04\/HD_WaufS.png","width":6000,"height":4500,"caption":"Haas Digital"},"image":{"@id":"https:\/\/haas-digital.de\/#\/schema\/logo\/image\/"},"sameAs":["https:\/\/www.facebook.com\/profile.php?id=61574417733804","https:\/\/www.instagram.com\/haas_digital.de\/"],"email":"kontakt@haas-digital.de","telephone":"0178 400 901 6","legalName":"Haas-Digital","foundingDate":"2025-01-01","numberOfEmployees":{"@type":"QuantitativeValue","minValue":"1","maxValue":"10"}}]}},"_links":{"self":[{"href":"https:\/\/haas-digital.de\/en\/wp-json\/wp\/v2\/pages\/536","targetHints":{"allow":["GET"]}}],"collection":[{"href":"https:\/\/haas-digital.de\/en\/wp-json\/wp\/v2\/pages"}],"about":[{"href":"https:\/\/haas-digital.de\/en\/wp-json\/wp\/v2\/types\/page"}],"author":[{"embeddable":true,"href":"https:\/\/haas-digital.de\/en\/wp-json\/wp\/v2\/users\/1"}],"replies":[{"embeddable":true,"href":"https:\/\/haas-digital.de\/en\/wp-json\/wp\/v2\/comments?post=536"}],"version-history":[{"count":6,"href":"https:\/\/haas-digital.de\/en\/wp-json\/wp\/v2\/pages\/536\/revisions"}],"predecessor-version":[{"id":544,"href":"https:\/\/haas-digital.de\/en\/wp-json\/wp\/v2\/pages\/536\/revisions\/544"}],"wp:attachment":[{"href":"https:\/\/haas-digital.de\/en\/wp-json\/wp\/v2\/media?parent=536"}],"curies":[{"name":"wp","href":"https:\/\/api.w.org\/{rel}","templated":true}]}}