{"id":420,"date":"2025-05-14T13:56:15","date_gmt":"2025-05-14T11:56:15","guid":{"rendered":"https:\/\/haas-digital.de\/?page_id=420"},"modified":"2026-02-17T19:09:47","modified_gmt":"2026-02-17T18:09:47","slug":"referenzen","status":"publish","type":"page","link":"https:\/\/haas-digital.de\/en\/referenzen\/","title":{"rendered":"Referenzen"},"content":{"rendered":"<h1>\n\t\t\tReferenzen\t<\/h1>\n<h2>\n\t\t\tAUSGEW\u00c4HLTE KUNDENPROJEKTE\t<\/h2>\n<figure data-animation-delay=\"0\" data-animation-duration=\"1\" itemscope itemtype=\"https:\/\/schema.org\/ImageObject\">\n\t\t\t\t<a href=\"https:\/\/jackhenryfarm.de\"  target=\"_self\" itemprop=\"url\">\n\t\t\t\t<img decoding=\"async\" src=\"https:\/\/haas-digital.de\/wp-content\/uploads\/2025\/04\/JackHenryFarm.png\" alt=\"Jack Henry BioFram\" height=\"758\" width=\"1170\" title=\"JackHenryFarm\" onerror=\"this.style.display='none'\" loading=\"lazy\" \/>\n\t\t\t\t<\/a>\n\t<\/figure>\n\t<h3>Jack Henry BioFarm<\/h3>\n<p>Umsetzung der Website f\u00fcr die Jack Henry BioFarm<\/p>\n<p><a href=\"https:\/\/jackhenryfarm.de\">zur Website<\/a><\/p>\n<figure itemscope itemtype=\"https:\/\/schema.org\/ImageObject\">\n\t\t\t\t<a href=\"https:\/\/musap.de\"  target=\"_self\" itemprop=\"url\">\n\t\t\t\t<img decoding=\"async\" src=\"https:\/\/haas-digital.de\/wp-content\/uploads\/2025\/04\/musap.png\" alt=\"Musap\" height=\"751\" width=\"1245\" title=\"musap\" onerror=\"this.style.display='none'\" loading=\"lazy\" \/>\n\t\t\t\t<\/a>\n\t<\/figure>\n\t<h3>MUSAP<\/h3>\n<p>Umsetzung der Website f\u00fcr die Marketing- und Serviceagentur Plundrich<\/p>\n<p><a href=\"https:\/\/jackhenryfarm.de\">zur Website<\/a><\/p>\n<figure itemscope itemtype=\"https:\/\/schema.org\/ImageObject\">\n\t\t\t\t<a href=\"https:\/\/tierbestattung-schoenefeld.de\/\"  target=\"_self\" itemprop=\"url\">\n\t\t\t\t<img decoding=\"async\" src=\"https:\/\/haas-digital.de\/wp-content\/uploads\/2026\/02\/tierbestattung.schoenefeld-teaser.png\" alt=\"tierbestattung.schoenefeld-teaser\" height=\"457\" width=\"960\" title=\"tierbestattung.schoenefeld-teaser\" onerror=\"this.style.display='none'\" loading=\"lazy\" \/>\n\t\t\t\t<\/a>\n\t<\/figure>\n\t<h3>Tierfriedhof Sch\u00f6nefeld<\/h3>\n<p>Umsetzung der Website f\u00fcr den Tierfriedhof Sch\u00f6nefeld<\/p>\n<p><a href=\"https:\/\/tierbestattung-schoenefeld.de\/\">zur Website<\/a><\/p>\n<figure data-animation-delay=\"0\" data-animation-duration=\"1\" itemscope itemtype=\"https:\/\/schema.org\/ImageObject\">\n\t\t\t\t<a href=\"https:\/\/treelancer.net\"  target=\"_self\" itemprop=\"url\">\n\t\t\t\t<img decoding=\"async\" src=\"https:\/\/haas-digital.de\/wp-content\/uploads\/2026\/02\/treelancer.net-teaser.png\" alt=\"treelancer.net-teaser\" height=\"457\" width=\"960\" title=\"treelancer.net-teaser\" onerror=\"this.style.display='none'\" loading=\"lazy\" \/>\n\t\t\t\t<\/a>\n\t<\/figure>\n\t<h3>Treelancer<\/h3>\n<p>Umsetzung der Website Treelancer<\/p>\n<p><a href=\"https:\/\/treelancer.net\">zur Website<\/a><\/p>\n<figure data-animation-delay=\"0\" data-animation-duration=\"1\" itemscope itemtype=\"https:\/\/schema.org\/ImageObject\">\n\t\t\t\t<a href=\"https:\/\/biwakplatz-grosswasserburg.de\/\"  target=\"_self\" itemprop=\"url\">\n\t\t\t\t<img decoding=\"async\" src=\"https:\/\/haas-digital.de\/wp-content\/uploads\/2025\/04\/Biwakplatz.png\" alt=\"Biwakplatz Gro\u00df Wasserburg\" height=\"749\" width=\"1120\" title=\"Biwakplatz\" onerror=\"this.style.display='none'\" loading=\"lazy\" \/>\n\t\t\t\t<\/a>\n\t<\/figure>\n\t<h3>Biwakplatz Gro\u00df Wasserburg<\/h3>\n<p>Umsetzung der Website f\u00fcr den Biwakplatz in Gro\u00df Wasserburg<\/p>\n<p><a href=\"https:\/\/biwakplatz-grosswasserburg.de\/\">zur Website<\/a><\/p>\n<figure data-animation-delay=\"0\" data-animation-duration=\"1\" itemscope itemtype=\"https:\/\/schema.org\/ImageObject\">\n\t\t\t\t<a href=\"https:\/\/kugelei.com\/\"  target=\"_self\" itemprop=\"url\">\n\t\t\t\t<img decoding=\"async\" src=\"https:\/\/haas-digital.de\/wp-content\/uploads\/2026\/02\/Kugelei-teaser.png\" alt=\"Kugelei-teaser\" height=\"458\" width=\"960\" title=\"Kugelei-teaser\" onerror=\"this.style.display='none'\" loading=\"lazy\" \/>\n\t\t\t\t<\/a>\n\t<\/figure>\n\t<h3>Kugelei<\/h3>\n<p>Umsetzung der Website Kugelei<\/p>\n<p><a href=\"https:\/\/kugelei.com\/\">zur Website<\/a><\/p>\n\t\t<footer class=\"haas-digital-footer\">\r\n\t\t<div class=\"haas-digital-footer-inner\">\r\n\r\n\t\t\t<!-- LEFT: BRAND -->\r\n\t\t\t<div class=\"footer-brand\">\r\n\t\t\t\t<img decoding=\"async\" src=\"https:\/\/haas-digital.de\/wp-content\/uploads\/2025\/02\/cropped-cropped-HD_Logo.png\" alt=\"Haas-Digital Logo\" class=\"footer-logo\">\r\n\r\n\t\t\t\t<p class=\"footer-address\">Kiefernring 29B<br>15749 Mittenwalde<\/p>\r\n\r\n\t\t\t\t<div class=\"footer-contact\">\r\n\t\t\t\t\t<a href=\"tel:+491784009016\">0178 400 901 6<\/a>\r\n\t\t\t\t\t<a href=\"mailto:kontakt@haas-digital.de\">kontakt@haas-digital.de<\/a>\r\n\t\t\t\t<\/div>\r\n\r\n\t\t\t\t<div class=\"footer-brand-divider\"><\/div>\r\n\r\n\t\t\t\t<div class=\"footer-mini\">\r\n\t\t\t\t\t<div class=\"footer-mini-title\">Unternehmen<\/div>\r\n\r\n\t\t\t\t\t<nav class=\"footer-mini-links\" aria-label=\"Unternehmen\">\r\n\t\t\t\t\t\t<a href=\"\/en\/ueber-mich\/\">About<\/a>\r\n\t\t\t\t\t\t<a href=\"\/en\/blog2\/\">Blog &amp; Insights<\/a>\r\n\t\t\t\t\t\t<a href=\"\/en\/kontakt\/\">Contact<\/a>\r\n\t\t\t\t\t\t<a href=\"\/en\/impressum\/\">Imprint<\/a>\r\n\t\t\t\t\t\t<a href=\"\/en\/datenschutzerklarung\/\">Data protection<\/a>\r\n\t\t\t\t\t<\/nav>\r\n\t\t\t\t<\/div>\r\n\t\t\t<\/div>\r\n\r\n\t\t\t<!-- COLUMN 1 -->\r\n\t\t\t<div class=\"footer-col\">\r\n\t\t\t\t<div class=\"footer-title\">WEBSITE ERSTELLEN<\/div>\r\n\t\t\t\t<a href=\"\/en\/leistungen\/webdesign-wordpress\/onepager-landingpages\/\">One-pagers &amp; landing pages<\/a>\r\n\t\t\t\t<a href=\"\/en\/leistungen\/webdesign-wordpress\/website-relaunch\/\">Website relaunch<\/a>\r\n\t\t\t\t<a href=\"\/en\/leistungen\/webdesign-wordpress\/wordpress-onlineshop\/\">WordPress online store<\/a>\r\n\t\t\t\t<a href=\"\/en\/leistungen\/webdesign-wordpress\/pagespeed-optimierung\/\">PageSpeed Optimierung<\/a>\r\n\t\t\t<\/div>\r\n\r\n\t\t\t<!-- COLUMN 2 -->\r\n\t\t\t<div class=\"footer-col\">\r\n\t\t\t\t<div class=\"footer-title\">SUCHMASCHINENOPTIMIERUNG<\/div>\r\n\t\t\t\t<a href=\"\/en\/was-ist-seo\/\">What is SEO?<\/a>\r\n\t\t\t\t<a href=\"\/en\/coming-soon\/\">SEO specialist for companies<\/a>\r\n\t\t\t\t<a href=\"\/en\/coming-soon\/\">Local search engine optimization<\/a>\r\n\t\t\t\t<a href=\"\/en\/coming-soon\/\">SEO for SMEs<\/a>\r\n\t\t\t\t<a href=\"\/en\/coming-soon\/\">More visibility on Google<\/a>\r\n\t\t\t\t<a href=\"\/en\/website-check\/\">Kostenloser Website Check<\/a>\r\n\t\t\t<\/div>\r\n\r\n\t\t\t<!-- COLUMN 3 -->\r\n\t\t\t<div class=\"footer-col\">\r\n\t\t\t\t<div class=\"footer-title\">WARTUNG & BETREUUNG<\/div>\r\n\t\t\t\t<a href=\"\/en\/coming-soon\/\">WordPress Updates & Sicherheitsupdates<\/a>\r\n\t\t\t\t<a href=\"\/en\/coming-soon\/\">Plugin- und Theme-Pflege<\/a>\r\n\t\t\t\t<a href=\"\/en\/coming-soon\/\">Fehlerbehebung nach Updates<\/a>\r\n\t\t\t\t<a href=\"\/en\/coming-soon\/\">Performance-Optimierung<\/a>\r\n\t\t\t<\/div>\r\n\r\n\t\t<\/div>\r\n\t<\/footer>\r\n\r\n\t<style>\r\n\t.haas-digital-footer{\r\n\t\tbackground:#282B2F;\r\n\t\tpadding:70px 20px;\r\n\t\tfont-size:14px;\r\n\t\tcolor:#ffffff;\r\n\t}\r\n\r\n\t.haas-digital-footer-inner{\r\n\t\tmax-width:1200px;\r\n\t\tmargin:0 auto;\r\n\t\tdisplay:grid;\r\n\t\tgrid-template-columns:1.2fr repeat(3,1fr);\r\n\t\tgap:50px;\r\n\t}\r\n\r\n\t\/* BRAND *\/\r\n\t.footer-brand{\r\n\t\tdisplay:flex;\r\n\t\tflex-direction:column;\r\n\t}\r\n\r\n\t.footer-logo{\r\n\t\twidth:240px;\r\n\t\tmax-height:140px;\r\n\t\theight:auto;\r\n\t\tobject-fit:contain;\r\n\t\tmargin-bottom:14px;\r\n\t}\r\n\r\n\t.footer-address{\r\n\t\tmargin:0 0 12px;\r\n\t\topacity:.95;\r\n\t\tline-height:1.5;\r\n\t}\r\n\r\n\t.footer-contact a{\r\n\t\tdisplay:block;\r\n\t\tmargin-top:8px;\r\n\t\tcolor:#ffffff;\r\n\t\ttext-decoration:none;\r\n\t\topacity:.92;\r\n\t\ttransition:color .2s ease, opacity .2s ease;\r\n\t}\r\n\r\n\t.footer-contact a:hover,\r\n\t.footer-contact a:active{\r\n\t\tcolor:#8FA3B8;\r\n\t\topacity:1;\r\n\t}\r\n\r\n\t.footer-brand-divider{\r\n\t\theight:1px;\r\n\t\tbackground:rgba(255,255,255,.14);\r\n\t\tmargin:18px 0 16px;\r\n\t}\r\n\r\n\t\/* MINI (Unternehmen im linken Block) *\/\r\n\t.footer-mini-title{\r\n\t\tfont-size:12px;\r\n\t\tletter-spacing:1.1px;\r\n\t\ttext-transform:uppercase;\r\n\t\tfont-weight:700;\r\n\t\topacity:.85;\r\n\t\tmargin-bottom:10px;\r\n\t}\r\n\r\n\t.footer-mini-links{\r\n\t\tdisplay:grid;\r\n\t\tgrid-template-columns:repeat(2, minmax(0,1fr));\r\n\t\tgap:8px 18px;\r\n\t}\r\n\r\n\t.footer-mini-links a{\r\n\t\tcolor:#ffffff;\r\n\t\ttext-decoration:none;\r\n\t\topacity:.85;\r\n\t\ttransition:color .2s ease, opacity .2s ease;\r\n\t}\r\n\r\n\t.footer-mini-links a:hover,\r\n\t.footer-mini-links a:active{\r\n\t\tcolor:#8FA3B8;\r\n\t\topacity:1;\r\n\t}\r\n\r\n\t\/* RIGHT COLS *\/\r\n\t.footer-col a{\r\n\t\tdisplay:block;\r\n\t\tmargin-top:8px;\r\n\t\tcolor:#ffffff;\r\n\t\ttext-decoration:none;\r\n\t\topacity:.9;\r\n\t\ttransition:color .2s ease, opacity .2s ease;\r\n\t}\r\n\r\n\t.footer-col a:hover,\r\n\t.footer-col a:active{\r\n\t\tcolor:#8FA3B8;\r\n\t\topacity:1;\r\n\t}\r\n\r\n\t.footer-title{\r\n\t\tfont-size:13px;\r\n\t\tletter-spacing:1.2px;\r\n\t\ttext-transform:uppercase;\r\n\t\tfont-weight:700;\r\n\t\tcolor:#ffffff;\r\n\t\tmargin:0 0 14px;\r\n\t\tposition:relative;\r\n\t}\r\n\r\n\t.footer-title::after{\r\n\t\tcontent:\"\";\r\n\t\tdisplay:block;\r\n\t\twidth:28px;\r\n\t\theight:2px;\r\n\t\tbackground:#ffffff;\r\n\t\tmargin-top:8px;\r\n\t\topacity:.4;\r\n\t}\r\n\r\n\t\/* RESPONSIVE *\/\r\n\t@media(max-width:900px){\r\n\t\t.haas-digital-footer-inner{\r\n\t\t\tgrid-template-columns:1fr;\r\n\t\t\tgap:40px;\r\n\t\t}\r\n\r\n\t\t.footer-logo{\r\n\t\t\twidth:170px;\r\n\t\t\tmax-height:60px;\r\n\t\t}\r\n\r\n\t\t.footer-mini-links{\r\n\t\t\tgrid-template-columns:1fr;\r\n\t\t}\r\n\t}\r\n\t<\/style>","protected":false},"excerpt":{"rendered":"<p>Referenzen AUSGEW\u00c4HLTE KUNDENPROJEKTE Jack Henry BioFarm Umsetzung der Website f\u00fcr die Jack Henry BioFarm zur Website MUSAP Umsetzung der Website f\u00fcr die Marketing- und Serviceagentur Plundrich zur Website Tierfriedhof Sch\u00f6nefeld Umsetzung der Website f\u00fcr den Tierfriedhof Sch\u00f6nefeld zur Website Treelancer Umsetzung der Website Treelancer zur Website Biwakplatz Gro\u00df Wasserburg Umsetzung der Website f\u00fcr den Biwakplatz&#8230;<\/p>","protected":false},"author":1,"featured_media":0,"parent":0,"menu_order":0,"comment_status":"closed","ping_status":"closed","template":"","meta":{"_kadence_starter_templates_imported_post":false,"_kad_post_transparent":"","_kad_post_title":"","_kad_post_layout":"","_kad_post_sidebar_id":"","_kad_post_content_style":"","_kad_post_vertical_padding":"","_kad_post_feature":"","_kad_post_feature_position":"","_kad_post_header":false,"_kad_post_footer":false,"_kad_post_classname":"","footnotes":""},"class_list":["post-420","page","type-page","status-publish","hentry"],"yoast_head":"<!-- This site is optimized with the Yoast SEO Premium plugin v27.0 (Yoast SEO v27.6) - https:\/\/yoast.com\/product\/yoast-seo-premium-wordpress\/ -->\n<title>Referenzen - Haas-Digital<\/title>\n<meta name=\"robots\" content=\"index, follow, max-snippet:-1, max-image-preview:large, max-video-preview:-1\" \/>\n<link rel=\"canonical\" href=\"https:\/\/haas-digital.de\/en\/referenzen\/\" \/>\n<meta property=\"og:locale\" content=\"en_US\" \/>\n<meta property=\"og:type\" content=\"article\" \/>\n<meta property=\"og:title\" content=\"Referenzen\" \/>\n<meta property=\"og:description\" content=\"Referenzen AUSGEW\u00c4HLTE KUNDENPROJEKTE Jack Henry BioFarm Umsetzung der Website f\u00fcr die Jack Henry BioFarm zur Website MUSAP Umsetzung der Website f\u00fcr die Marketing- und Serviceagentur Plundrich zur Website Tierfriedhof Sch\u00f6nefeld Umsetzung der Website f\u00fcr den Tierfriedhof Sch\u00f6nefeld zur Website Treelancer Umsetzung der Website Treelancer zur Website Biwakplatz Gro\u00df Wasserburg Umsetzung der Website f\u00fcr den Biwakplatz...\" \/>\n<meta property=\"og:url\" content=\"https:\/\/haas-digital.de\/en\/referenzen\/\" \/>\n<meta property=\"og:site_name\" content=\"Haas-Digital\" \/>\n<meta property=\"article:publisher\" content=\"https:\/\/www.facebook.com\/profile.php?id=61574417733804\" \/>\n<meta property=\"article:modified_time\" content=\"2026-02-17T18:09:47+00:00\" \/>\n<meta property=\"og:image\" content=\"https:\/\/haas-digital.de\/wp-content\/uploads\/2025\/04\/JackHenryFarm.png\" \/>\n<meta name=\"twitter:card\" content=\"summary_large_image\" \/>\n<script type=\"application\/ld+json\" class=\"yoast-schema-graph\">{\"@context\":\"https:\\\/\\\/schema.org\",\"@graph\":[{\"@type\":\"WebPage\",\"@id\":\"https:\\\/\\\/haas-digital.de\\\/referenzen\\\/\",\"url\":\"https:\\\/\\\/haas-digital.de\\\/referenzen\\\/\",\"name\":\"Referenzen - Haas-Digital\",\"isPartOf\":{\"@id\":\"https:\\\/\\\/haas-digital.de\\\/#website\"},\"primaryImageOfPage\":{\"@id\":\"https:\\\/\\\/haas-digital.de\\\/referenzen\\\/#primaryimage\"},\"image\":{\"@id\":\"https:\\\/\\\/haas-digital.de\\\/referenzen\\\/#primaryimage\"},\"thumbnailUrl\":\"https:\\\/\\\/haas-digital.de\\\/wp-content\\\/uploads\\\/2025\\\/04\\\/JackHenryFarm.png\",\"datePublished\":\"2025-05-14T11:56:15+00:00\",\"dateModified\":\"2026-02-17T18:09:47+00:00\",\"breadcrumb\":{\"@id\":\"https:\\\/\\\/haas-digital.de\\\/referenzen\\\/#breadcrumb\"},\"inLanguage\":\"en-US\",\"potentialAction\":[{\"@type\":\"ReadAction\",\"target\":[\"https:\\\/\\\/haas-digital.de\\\/referenzen\\\/\"]}]},{\"@type\":\"ImageObject\",\"inLanguage\":\"en-US\",\"@id\":\"https:\\\/\\\/haas-digital.de\\\/referenzen\\\/#primaryimage\",\"url\":\"https:\\\/\\\/haas-digital.de\\\/wp-content\\\/uploads\\\/2025\\\/04\\\/JackHenryFarm.png\",\"contentUrl\":\"https:\\\/\\\/haas-digital.de\\\/wp-content\\\/uploads\\\/2025\\\/04\\\/JackHenryFarm.png\"},{\"@type\":\"BreadcrumbList\",\"@id\":\"https:\\\/\\\/haas-digital.de\\\/referenzen\\\/#breadcrumb\",\"itemListElement\":[{\"@type\":\"ListItem\",\"position\":1,\"name\":\"Startseite\",\"item\":\"https:\\\/\\\/haas-digital.de\\\/\"},{\"@type\":\"ListItem\",\"position\":2,\"name\":\"Referenzen\"}]},{\"@type\":\"WebSite\",\"@id\":\"https:\\\/\\\/haas-digital.de\\\/#website\",\"url\":\"https:\\\/\\\/haas-digital.de\\\/\",\"name\":\"Haas-Digital\",\"description\":\"Starke Online-Pr\u00e4senz f\u00fcr starke Unternehmen.\",\"publisher\":{\"@id\":\"https:\\\/\\\/haas-digital.de\\\/#organization\"},\"potentialAction\":[{\"@type\":\"SearchAction\",\"target\":{\"@type\":\"EntryPoint\",\"urlTemplate\":\"https:\\\/\\\/haas-digital.de\\\/?s={search_term_string}\"},\"query-input\":{\"@type\":\"PropertyValueSpecification\",\"valueRequired\":true,\"valueName\":\"search_term_string\"}}],\"inLanguage\":\"en-US\"},{\"@type\":\"Organization\",\"@id\":\"https:\\\/\\\/haas-digital.de\\\/#organization\",\"name\":\"Haas Digital\",\"url\":\"https:\\\/\\\/haas-digital.de\\\/\",\"logo\":{\"@type\":\"ImageObject\",\"inLanguage\":\"en-US\",\"@id\":\"https:\\\/\\\/haas-digital.de\\\/#\\\/schema\\\/logo\\\/image\\\/\",\"url\":\"https:\\\/\\\/haas-digital.de\\\/wp-content\\\/uploads\\\/2025\\\/04\\\/HD_WaufS.png\",\"contentUrl\":\"https:\\\/\\\/haas-digital.de\\\/wp-content\\\/uploads\\\/2025\\\/04\\\/HD_WaufS.png\",\"width\":6000,\"height\":4500,\"caption\":\"Haas Digital\"},\"image\":{\"@id\":\"https:\\\/\\\/haas-digital.de\\\/#\\\/schema\\\/logo\\\/image\\\/\"},\"sameAs\":[\"https:\\\/\\\/www.facebook.com\\\/profile.php?id=61574417733804\",\"https:\\\/\\\/www.instagram.com\\\/haas_digital.de\\\/\"],\"email\":\"kontakt@haas-digital.de\",\"telephone\":\"0178 400 901 6\",\"legalName\":\"Haas-Digital\",\"foundingDate\":\"2025-01-01\",\"numberOfEmployees\":{\"@type\":\"QuantitativeValue\",\"minValue\":\"1\",\"maxValue\":\"10\"}}]}<\/script>\n<!-- \/ Yoast SEO Premium plugin. -->","yoast_head_json":{"title":"Referenzen - Haas-Digital","robots":{"index":"index","follow":"follow","max-snippet":"max-snippet:-1","max-image-preview":"max-image-preview:large","max-video-preview":"max-video-preview:-1"},"canonical":"https:\/\/haas-digital.de\/en\/referenzen\/","og_locale":"en_US","og_type":"article","og_title":"Referenzen","og_description":"Referenzen AUSGEW\u00c4HLTE KUNDENPROJEKTE Jack Henry BioFarm Umsetzung der Website f\u00fcr die Jack Henry BioFarm zur Website MUSAP Umsetzung der Website f\u00fcr die Marketing- und Serviceagentur Plundrich zur Website Tierfriedhof Sch\u00f6nefeld Umsetzung der Website f\u00fcr den Tierfriedhof Sch\u00f6nefeld zur Website Treelancer Umsetzung der Website Treelancer zur Website Biwakplatz Gro\u00df Wasserburg Umsetzung der Website f\u00fcr den Biwakplatz...","og_url":"https:\/\/haas-digital.de\/en\/referenzen\/","og_site_name":"Haas-Digital","article_publisher":"https:\/\/www.facebook.com\/profile.php?id=61574417733804","article_modified_time":"2026-02-17T18:09:47+00:00","og_image":[{"url":"https:\/\/haas-digital.de\/wp-content\/uploads\/2025\/04\/JackHenryFarm.png","type":"","width":"","height":""}],"twitter_card":"summary_large_image","schema":{"@context":"https:\/\/schema.org","@graph":[{"@type":"WebPage","@id":"https:\/\/haas-digital.de\/referenzen\/","url":"https:\/\/haas-digital.de\/referenzen\/","name":"Referenzen - Haas-Digital","isPartOf":{"@id":"https:\/\/haas-digital.de\/#website"},"primaryImageOfPage":{"@id":"https:\/\/haas-digital.de\/referenzen\/#primaryimage"},"image":{"@id":"https:\/\/haas-digital.de\/referenzen\/#primaryimage"},"thumbnailUrl":"https:\/\/haas-digital.de\/wp-content\/uploads\/2025\/04\/JackHenryFarm.png","datePublished":"2025-05-14T11:56:15+00:00","dateModified":"2026-02-17T18:09:47+00:00","breadcrumb":{"@id":"https:\/\/haas-digital.de\/referenzen\/#breadcrumb"},"inLanguage":"en-US","potentialAction":[{"@type":"ReadAction","target":["https:\/\/haas-digital.de\/referenzen\/"]}]},{"@type":"ImageObject","inLanguage":"en-US","@id":"https:\/\/haas-digital.de\/referenzen\/#primaryimage","url":"https:\/\/haas-digital.de\/wp-content\/uploads\/2025\/04\/JackHenryFarm.png","contentUrl":"https:\/\/haas-digital.de\/wp-content\/uploads\/2025\/04\/JackHenryFarm.png"},{"@type":"BreadcrumbList","@id":"https:\/\/haas-digital.de\/referenzen\/#breadcrumb","itemListElement":[{"@type":"ListItem","position":1,"name":"Startseite","item":"https:\/\/haas-digital.de\/"},{"@type":"ListItem","position":2,"name":"Referenzen"}]},{"@type":"WebSite","@id":"https:\/\/haas-digital.de\/#website","url":"https:\/\/haas-digital.de\/","name":"Haas-Digital","description":"Starke Online-Pr\u00e4senz f\u00fcr starke Unternehmen.","publisher":{"@id":"https:\/\/haas-digital.de\/#organization"},"potentialAction":[{"@type":"SearchAction","target":{"@type":"EntryPoint","urlTemplate":"https:\/\/haas-digital.de\/?s={search_term_string}"},"query-input":{"@type":"PropertyValueSpecification","valueRequired":true,"valueName":"search_term_string"}}],"inLanguage":"en-US"},{"@type":"Organization","@id":"https:\/\/haas-digital.de\/#organization","name":"Haas Digital","url":"https:\/\/haas-digital.de\/","logo":{"@type":"ImageObject","inLanguage":"en-US","@id":"https:\/\/haas-digital.de\/#\/schema\/logo\/image\/","url":"https:\/\/haas-digital.de\/wp-content\/uploads\/2025\/04\/HD_WaufS.png","contentUrl":"https:\/\/haas-digital.de\/wp-content\/uploads\/2025\/04\/HD_WaufS.png","width":6000,"height":4500,"caption":"Haas Digital"},"image":{"@id":"https:\/\/haas-digital.de\/#\/schema\/logo\/image\/"},"sameAs":["https:\/\/www.facebook.com\/profile.php?id=61574417733804","https:\/\/www.instagram.com\/haas_digital.de\/"],"email":"kontakt@haas-digital.de","telephone":"0178 400 901 6","legalName":"Haas-Digital","foundingDate":"2025-01-01","numberOfEmployees":{"@type":"QuantitativeValue","minValue":"1","maxValue":"10"}}]}},"_links":{"self":[{"href":"https:\/\/haas-digital.de\/en\/wp-json\/wp\/v2\/pages\/420","targetHints":{"allow":["GET"]}}],"collection":[{"href":"https:\/\/haas-digital.de\/en\/wp-json\/wp\/v2\/pages"}],"about":[{"href":"https:\/\/haas-digital.de\/en\/wp-json\/wp\/v2\/types\/page"}],"author":[{"embeddable":true,"href":"https:\/\/haas-digital.de\/en\/wp-json\/wp\/v2\/users\/1"}],"replies":[{"embeddable":true,"href":"https:\/\/haas-digital.de\/en\/wp-json\/wp\/v2\/comments?post=420"}],"version-history":[{"count":10,"href":"https:\/\/haas-digital.de\/en\/wp-json\/wp\/v2\/pages\/420\/revisions"}],"predecessor-version":[{"id":1116,"href":"https:\/\/haas-digital.de\/en\/wp-json\/wp\/v2\/pages\/420\/revisions\/1116"}],"wp:attachment":[{"href":"https:\/\/haas-digital.de\/en\/wp-json\/wp\/v2\/media?parent=420"}],"curies":[{"name":"wp","href":"https:\/\/api.w.org\/{rel}","templated":true}]}}