{"id":259,"date":"2025-04-02T14:07:33","date_gmt":"2025-04-02T12:07:33","guid":{"rendered":"https:\/\/haas-digital.de\/?page_id=259"},"modified":"2026-01-30T17:11:08","modified_gmt":"2026-01-30T16:11:08","slug":"datenschutzerklarung","status":"publish","type":"page","link":"https:\/\/haas-digital.de\/en\/datenschutzerklarung\/","title":{"rendered":"Datenschutzerkl\u00e4rung"},"content":{"rendered":"<h1>\n\t\t\tDatenschutzerkl\u00e4rung\t<\/h1>\n\tStand: 03\/2025\n<strong data-start=\"309\" data-end=\"358\">1. Verantwortlicher f\u00fcr die Datenverarbeitung<\/strong>\nSimon Haas<br data-start=\"370\" data-end=\"373\" \/>Haas-Digital<br data-start=\"385\" data-end=\"388\" \/>Kiefernring 29B<br data-start=\"403\" data-end=\"406\" \/>15749 Mittenwalde\nE-Mail: <a rel=\"noopener\" data-start=\"435\" data-end=\"492\">kontakt@haas-digital.de<\/a><br data-start=\"492\" data-end=\"495\" \/>Mobil: 0178 400 901 6\n<strong data-start=\"518\" data-end=\"608\">2. Erhebung und Speicherung personenbezogener Daten sowie Art und Zweck der Verwendung<\/strong>\n<strong data-start=\"610\" data-end=\"640\">a) Beim Besuch der Website<\/strong><br data-start=\"640\" data-end=\"643\" \/>Beim Aufrufen meiner Website werden durch den Browser, den du verwendest, automatisch <strong data-start=\"729\" data-end=\"746\">Informationen<\/strong> an den Server meiner Website gesendet. Diese Informationen werden tempor\u00e4r in einem sogenannten <strong data-start=\"843\" data-end=\"854\">Logfile<\/strong> gespeichert. Folgende Daten werden dabei ohne dein Zutun erfasst und bis zur automatisierten L\u00f6schung gespeichert:\n<ul data-start=\"972\" data-end=\"1221\">\n<li data-start=\"972\" data-end=\"986\">\nIP-Adresse\n<\/li>\n<li data-start=\"987\" data-end=\"1021\">\nDatum und Uhrzeit des Zugriffs\n<\/li>\n<li data-start=\"1022\" data-end=\"1060\">\nName und URL der abgerufenen Datei\n<\/li>\n<li data-start=\"1061\" data-end=\"1116\">\nWebsite, von der der Zugriff erfolgt (Referrer-URL)\n<\/li>\n<li data-start=\"1117\" data-end=\"1221\">\nverwendeter Browser und ggf. das Betriebssystem deines Rechners sowie der Name deines Access-Providers\n<\/li>\n<\/ul>\n<strong data-start=\"1223\" data-end=\"1279\">b) Bei Nutzung des Kontaktformulars (Contact Form 7)<\/strong><br data-start=\"1279\" data-end=\"1282\" \/>Wenn du das Kontaktformular auf meiner Website verwendest, werden die von dir eingegebenen Daten (z. B. Name, E-Mail-Adresse, Nachricht) zur Bearbeitung deiner Anfrage gespeichert.\n<strong data-start=\"1464\" data-end=\"1502\">c) Verwendung von Google Analytics<\/strong><br data-start=\"1502\" data-end=\"1505\" \/>Diese Website benutzt <strong data-start=\"1527\" data-end=\"1547\">Google Analytics<\/strong>, einen Webanalysedienst der Google LLC. Google Analytics verwendet <strong data-start=\"1615\" data-end=\"1626\">Cookies<\/strong>, die eine Analyse der Benutzung der Website durch dich erm\u00f6glichen. Die durch das Cookie erzeugten Informationen \u00fcber deine Benutzung dieser Website werden in der Regel an einen Server von Google in den USA \u00fcbertragen und dort gespeichert. Weitere Informationen zum Datenschutz bei Google Analytics findest du <a target=\"_new\" rel=\"noopener\" data-start=\"1937\" data-end=\"1986\">hier<\/a>.\n<strong data-start=\"1989\" data-end=\"2013\">d) Akismet Anti-Spam<\/strong><br data-start=\"2013\" data-end=\"2016\" \/>Diese Website verwendet <strong data-start=\"2040\" data-end=\"2051\">Akismet<\/strong>, einen Dienst von Automattic Inc., um <strong data-start=\"2090\" data-end=\"2098\">Spam<\/strong>-Kommentare zu filtern. Akismet sammelt Daten, die bei der Identifikation von Spam-Kommentaren helfen. Weitere Informationen findest du in der <a target=\"_new\" rel=\"noopener\" data-start=\"2241\" data-end=\"2301\">Akismet-Datenschutzerkl\u00e4rung<\/a>.\n<strong data-start=\"2304\" data-end=\"2344\">e) Cookies und \u00e4hnliche Technologien<\/strong><br data-start=\"2344\" data-end=\"2347\" \/>Diese Website verwendet <strong data-start=\"2371\" data-end=\"2382\">Cookies<\/strong> und \u00e4hnliche Technologien (z. B. Web Beacons), um die Benutzererfahrung zu verbessern. Durch den Einsatz von Cookies speichert die Website Informationen, um die Benutzererfahrung zu optimieren, z. B. die Spracheinstellungen oder Anmeldedaten. Cookies k\u00f6nnen jederzeit \u00fcber die Browsereinstellungen deaktiviert werden.<br data-start=\"2700\" data-end=\"2703\" \/>Weitere Informationen findest du in meiner <a href=\"#\" rel=\"noopener\" data-start=\"2746\" data-end=\"2768\">Cookie-Richtlinie<\/a>.\n<strong data-start=\"2771\" data-end=\"2802\">f) Jetpack (Social Sharing)<\/strong><br data-start=\"2802\" data-end=\"2805\" \/>Diese Website nutzt <strong data-start=\"2825\" data-end=\"2836\">Jetpack<\/strong> von Automattic Inc., um verschiedene Funktionen wie <strong data-start=\"2889\" data-end=\"2913\">Social-Media-Buttons<\/strong> und <strong data-start=\"2918\" data-end=\"2933\">Statistiken<\/strong> bereitzustellen. Jetpack kann auch <strong data-start=\"2969\" data-end=\"2980\">Cookies<\/strong> setzen, die Informationen \u00fcber die Nutzung dieser Funktionen sammeln. Weitere Informationen findest du in der <a target=\"_new\" rel=\"noopener\" data-start=\"3091\" data-end=\"3151\">Jetpack-Datenschutzerkl\u00e4rung<\/a>.\n<strong data-start=\"3154\" data-end=\"3193\">3. Rechtsgrundlage der Verarbeitung<\/strong>\nDie Verarbeitung deiner personenbezogenen Daten erfolgt auf Grundlage der folgenden Rechtsgrundlagen:\n<ul data-start=\"3299\" data-end=\"3464\">\n<li data-start=\"3299\" data-end=\"3349\">\n<strong data-start=\"3301\" data-end=\"3317\">Einwilligung<\/strong> (Art. 6 Abs. 1 lit. a DSGVO),\n<\/li>\n<li data-start=\"3350\" data-end=\"3405\">\n<strong data-start=\"3352\" data-end=\"3373\">Vertragserf\u00fcllung<\/strong> (Art. 6 Abs. 1 lit. b DSGVO),\n<\/li>\n<li data-start=\"3406\" data-end=\"3464\">\n<strong data-start=\"3408\" data-end=\"3434\">berechtigtes Interesse<\/strong> (Art. 6 Abs. 1 lit. f DSGVO).\n<\/li>\n<\/ul>\n<strong data-start=\"3466\" data-end=\"3492\">4. Empf\u00e4nger der Daten<\/strong>\nDeine personenbezogenen Daten werden nicht an Dritte weitergegeben, es sei denn, dies ist f\u00fcr die Vertragserf\u00fcllung notwendig oder gesetzlich vorgeschrieben. Die Daten, die \u00fcber <strong data-start=\"3672\" data-end=\"3692\">Google Analytics<\/strong>, <strong data-start=\"3694\" data-end=\"3705\">Jetpack<\/strong> oder <strong data-start=\"3711\" data-end=\"3722\">Akismet<\/strong> verarbeitet werden, k\u00f6nnen an die jeweiligen Dienstleister (z. B. Google, Automattic Inc.) \u00fcbermittelt werden.\n<strong data-start=\"3835\" data-end=\"3863\">5. Dauer der Speicherung<\/strong>\nDie gespeicherten personenbezogenen Daten werden nur so lange aufbewahrt, wie es f\u00fcr die Erf\u00fcllung des jeweiligen Zwecks erforderlich ist oder gesetzliche Aufbewahrungsfristen es vorschreiben.\n<strong data-start=\"4059\" data-end=\"4100\">6. Deine Rechte als betroffene Person<\/strong>\nDu hast das Recht, jederzeit Auskunft \u00fcber die zu deiner Person gespeicherten Daten zu verlangen. Zudem hast du das Recht auf Berichtigung, L\u00f6schung oder Einschr\u00e4nkung der Verarbeitung deiner personenbezogenen Daten sowie das Recht, dich gegen die Verarbeitung dieser Daten zu wenden. Zur Aus\u00fcbung dieser Rechte kannst du dich jederzeit an mich wenden.\n<strong data-start=\"4456\" data-end=\"4502\">7. Widerspruch gegen die Datenverarbeitung<\/strong>\nWenn du mit der Verarbeitung deiner Daten, die auf <strong data-start=\"4555\" data-end=\"4581\">berechtigtem Interesse<\/strong> beruht, nicht einverstanden bist, kannst du jederzeit Widerspruch einlegen. Dies gilt auch f\u00fcr Profiling, das auf dieser Grundlage durchgef\u00fchrt wird.\n<strong data-start=\"4733\" data-end=\"4750\">8. Sicherheit<\/strong>\nUm die Sicherheit deiner personenbezogenen Daten zu gew\u00e4hrleisten, setze ich technische und organisatorische Sicherheitsma\u00dfnahmen ein. Diese werden regelm\u00e4\u00dfig \u00fcberpr\u00fcft und angepasst, um einen bestm\u00f6glichen Schutz zu gew\u00e4hrleisten.\n<strong data-start=\"4985\" data-end=\"5027\">9. \u00c4nderungen der Datenschutzerkl\u00e4rung<\/strong>\nIch behalte mir vor, diese Datenschutzerkl\u00e4rung bei Bedarf anzupassen, um sie an ge\u00e4nderte rechtliche Anforderungen oder \u00c4nderungen der Dienstleistungen anzupassen. Eine aktuelle Version ist stets auf dieser Seite verf\u00fcgbar.\n\t<section>\n    <!-- Leistungen -->\n      <h4>Services<\/h4>\n      <ul>\n        <li><a href=\"\/en\/webdesign-relaunch\/\">Webdesign &#038; Relaunch<\/a><\/li>\n        <li><a href=\"\/en\/onepager-landingpages\/\">Onepager &#038; Landingpages<\/a><\/li>\n        <li><a href=\"\/en\/suchmaschinenoptimierung\/\">Search engine optimization (SEO)<\/a><\/li>\n        <li><a href=\"\/en\/seo-spezialist\/\">SEO specialist<\/a><\/li>\n        <li><a href=\"\/en\/wordpress-onlineshop\/\">WordPress online store<\/a><\/li>\n        <li><a href=\"\/en\/website-check\/\">Free website check<\/a><\/li>\n      <\/ul>\n    <!-- SEO Themen -->\n      <h4>SEO topics<\/h4>\n      <ul>\n        <li><a href=\"\/en\/suchmaschinenoptimierung\/\">What is SEO?<\/a><\/li>\n        <li><a href=\"\/en\/seo-spezialist\/\">SEO specialist for companies<\/a><\/li>\n        <li><a href=\"\/en\/lokale-suchmaschinenoptimierung\/\">Local search engine optimization<\/a><\/li>\n        <li><a href=\"\/en\/seo-fuer-kmu\/\">SEO for SMEs<\/a><\/li>\n        <li><a href=\"\/en\/google-sichtbarkeit\/\">More visibility on Google<\/a><\/li>\n      <\/ul>\n    <!-- Webdesign Wissen -->\n      <h4>Web design knowledge<\/h4>\n      <ul>\n        <li><a href=\"\/en\/webdesign\/\">Professional web design<\/a><\/li>\n        <li><a href=\"\/en\/wordpress\/\">WordPress websites<\/a><\/li>\n        <li><a href=\"\/en\/website-relaunch\/\">Website relaunch<\/a><\/li>\n        <li><a href=\"\/en\/conversion-optimierung\/\">Conversion optimization<\/a><\/li>\n        <li><a href=\"\/en\/pagespeed-optimierung\/\">Pagespeed optimization<\/a><\/li>\n      <\/ul>\n    <!-- Unternehmen -->\n      <h4>Haas-Digital<\/h4>\n      <ul>\n        <li><a href=\"\/en\/ueber-mich\/\">About<\/a><\/li>\n        <li><a href=\"\/en\/blog\/\">Blog &#038; Insights<\/a><\/li>\n        <li><a href=\"\/en\/kontakt\/\">Contact<\/a><\/li>\n        <li><a href=\"\/en\/impressum\/\">Imprint<\/a><\/li>\n        <li><a href=\"\/en\/datenschutz\/\">Data protection<\/a><\/li>\n      <\/ul>\n<\/section>\n<style>\n.hd-footer-sitemap{\n  border-top:1px solid rgba(255,255,255,.08);\n  padding:48px 0 24px;\n}\n.hd-footer-grid{\n  display:grid;\n  grid-template-columns:repeat(4,1fr);\n  gap:32px;\n}\n.hd-footer-col h4{\n  font-size:13px;\n  font-weight:800;\n  letter-spacing:.08em;\n  text-transform:uppercase;\n  margin-bottom:14px;\n  color:#E6E8EB;                 \/* deutlich heller *\/\n}\n.hd-footer-col ul{\n  list-style:none;\n  padding:0;\n  margin:0;\n}\n.hd-footer-col li{\n  margin-bottom:8px;\n}\n.hd-footer-col a{\n  font-size:14px;\n  line-height:1.4;\n  color:rgba(255,255,255,.75);\n  text-decoration:none;\n  transition:color .15s ease;\n}\n.hd-footer-col a:hover{\n  color:#ffffff;\n}\n\/* Responsive *\/\n@media (max-width:900px){\n  .hd-footer-grid{\n    grid-template-columns:repeat(2,1fr);\n    gap:26px;\n  }\n}\n@media (max-width:520px){\n  .hd-footer-grid{\n    grid-template-columns:1fr;\n  }\n}\n<\/style>","protected":false},"excerpt":{"rendered":"<p>Datenschutzerkl\u00e4rung Stand: 03\/2025 1. Verantwortlicher f\u00fcr die Datenverarbeitung Simon HaasHaas-DigitalKiefernring 29B15749 Mittenwalde E-Mail: kontakt@haas-digital.deMobil: 0178 400 901 6 2. Erhebung und Speicherung personenbezogener Daten sowie Art und Zweck der Verwendung a) Beim Besuch der WebsiteBeim Aufrufen meiner Website werden durch den Browser, den du verwendest, automatisch Informationen an den Server meiner Website gesendet. Diese Informationen&#8230;<\/p>","protected":false},"author":1,"featured_media":0,"parent":0,"menu_order":0,"comment_status":"closed","ping_status":"closed","template":"","meta":{"_kadence_starter_templates_imported_post":false,"_kad_post_transparent":"","_kad_post_title":"","_kad_post_layout":"","_kad_post_sidebar_id":"","_kad_post_content_style":"","_kad_post_vertical_padding":"","_kad_post_feature":"","_kad_post_feature_position":"","_kad_post_header":false,"_kad_post_footer":false,"_kad_post_classname":"","footnotes":""},"class_list":["post-259","page","type-page","status-publish","hentry"],"yoast_head":"<!-- This site is optimized with the Yoast SEO Premium plugin v27.0 (Yoast SEO v27.5) - https:\/\/yoast.com\/product\/yoast-seo-premium-wordpress\/ -->\n<title>Datenschutzerkl\u00e4rung: Wichtige Informationen f\u00fcr Sie - Haas-Digital<\/title>\n<meta name=\"description\" content=\"Erfahren Sie alles \u00fcber die Datenschutzerkl\u00e4rung und welche personenbezogenen Daten bei Ihrem Besuch meiner Website erfasst werden.\" \/>\n<meta name=\"robots\" content=\"index, follow, max-snippet:-1, max-image-preview:large, max-video-preview:-1\" \/>\n<link rel=\"canonical\" href=\"https:\/\/haas-digital.de\/en\/datenschutzerklarung\/\" \/>\n<meta property=\"og:locale\" content=\"en_US\" \/>\n<meta property=\"og:type\" content=\"article\" \/>\n<meta property=\"og:title\" content=\"Datenschutzerkl\u00e4rung\" \/>\n<meta property=\"og:description\" content=\"Erfahren Sie alles \u00fcber die Datenschutzerkl\u00e4rung und welche personenbezogenen Daten bei Ihrem Besuch meiner Website erfasst werden.\" \/>\n<meta property=\"og:url\" content=\"https:\/\/haas-digital.de\/en\/datenschutzerklarung\/\" \/>\n<meta property=\"og:site_name\" content=\"Haas-Digital\" \/>\n<meta property=\"article:publisher\" content=\"https:\/\/www.facebook.com\/profile.php?id=61574417733804\" \/>\n<meta property=\"article:modified_time\" content=\"2026-01-30T16:11:08+00:00\" \/>\n<meta property=\"og:image\" content=\"https:\/\/haas-digital.de\/wp-content\/uploads\/2025\/04\/HD_logo.png\" \/>\n\t<meta property=\"og:image:width\" content=\"6000\" \/>\n\t<meta property=\"og:image:height\" content=\"4500\" \/>\n\t<meta property=\"og:image:type\" content=\"image\/png\" \/>\n<meta name=\"twitter:card\" content=\"summary_large_image\" \/>\n<meta name=\"twitter:label1\" content=\"Est. reading time\" \/>\n\t<meta name=\"twitter:data1\" content=\"4 minutes\" \/>\n<script type=\"application\/ld+json\" class=\"yoast-schema-graph\">{\"@context\":\"https:\\\/\\\/schema.org\",\"@graph\":[{\"@type\":\"WebPage\",\"@id\":\"https:\\\/\\\/haas-digital.de\\\/datenschutzerklarung\\\/\",\"url\":\"https:\\\/\\\/haas-digital.de\\\/datenschutzerklarung\\\/\",\"name\":\"Datenschutzerkl\u00e4rung: Wichtige Informationen f\u00fcr Sie - Haas-Digital\",\"isPartOf\":{\"@id\":\"https:\\\/\\\/haas-digital.de\\\/#website\"},\"datePublished\":\"2025-04-02T12:07:33+00:00\",\"dateModified\":\"2026-01-30T16:11:08+00:00\",\"description\":\"Erfahren Sie alles \u00fcber die Datenschutzerkl\u00e4rung und welche personenbezogenen Daten bei Ihrem Besuch meiner Website erfasst werden.\",\"breadcrumb\":{\"@id\":\"https:\\\/\\\/haas-digital.de\\\/datenschutzerklarung\\\/#breadcrumb\"},\"inLanguage\":\"en-US\",\"potentialAction\":[{\"@type\":\"ReadAction\",\"target\":[\"https:\\\/\\\/haas-digital.de\\\/datenschutzerklarung\\\/\"]}]},{\"@type\":\"BreadcrumbList\",\"@id\":\"https:\\\/\\\/haas-digital.de\\\/datenschutzerklarung\\\/#breadcrumb\",\"itemListElement\":[{\"@type\":\"ListItem\",\"position\":1,\"name\":\"Startseite\",\"item\":\"https:\\\/\\\/haas-digital.de\\\/\"},{\"@type\":\"ListItem\",\"position\":2,\"name\":\"Datenschutzerkl\u00e4rung\"}]},{\"@type\":\"WebSite\",\"@id\":\"https:\\\/\\\/haas-digital.de\\\/#website\",\"url\":\"https:\\\/\\\/haas-digital.de\\\/\",\"name\":\"Haas-Digital\",\"description\":\"Starke Online-Pr\u00e4senz f\u00fcr starke Unternehmen.\",\"publisher\":{\"@id\":\"https:\\\/\\\/haas-digital.de\\\/#organization\"},\"potentialAction\":[{\"@type\":\"SearchAction\",\"target\":{\"@type\":\"EntryPoint\",\"urlTemplate\":\"https:\\\/\\\/haas-digital.de\\\/?s={search_term_string}\"},\"query-input\":{\"@type\":\"PropertyValueSpecification\",\"valueRequired\":true,\"valueName\":\"search_term_string\"}}],\"inLanguage\":\"en-US\"},{\"@type\":\"Organization\",\"@id\":\"https:\\\/\\\/haas-digital.de\\\/#organization\",\"name\":\"Haas Digital\",\"url\":\"https:\\\/\\\/haas-digital.de\\\/\",\"logo\":{\"@type\":\"ImageObject\",\"inLanguage\":\"en-US\",\"@id\":\"https:\\\/\\\/haas-digital.de\\\/#\\\/schema\\\/logo\\\/image\\\/\",\"url\":\"https:\\\/\\\/haas-digital.de\\\/wp-content\\\/uploads\\\/2025\\\/04\\\/HD_WaufS.png\",\"contentUrl\":\"https:\\\/\\\/haas-digital.de\\\/wp-content\\\/uploads\\\/2025\\\/04\\\/HD_WaufS.png\",\"width\":6000,\"height\":4500,\"caption\":\"Haas Digital\"},\"image\":{\"@id\":\"https:\\\/\\\/haas-digital.de\\\/#\\\/schema\\\/logo\\\/image\\\/\"},\"sameAs\":[\"https:\\\/\\\/www.facebook.com\\\/profile.php?id=61574417733804\",\"https:\\\/\\\/www.instagram.com\\\/haas_digital.de\\\/\"],\"email\":\"kontakt@haas-digital.de\",\"telephone\":\"0178 400 901 6\",\"legalName\":\"Haas-Digital\",\"foundingDate\":\"2025-01-01\",\"numberOfEmployees\":{\"@type\":\"QuantitativeValue\",\"minValue\":\"1\",\"maxValue\":\"10\"}}]}<\/script>\n<!-- \/ Yoast SEO Premium plugin. -->","yoast_head_json":{"title":"Datenschutzerkl\u00e4rung: Wichtige Informationen f\u00fcr Sie - Haas-Digital","description":"Erfahren Sie alles \u00fcber die Datenschutzerkl\u00e4rung und welche personenbezogenen Daten bei Ihrem Besuch meiner Website erfasst werden.","robots":{"index":"index","follow":"follow","max-snippet":"max-snippet:-1","max-image-preview":"max-image-preview:large","max-video-preview":"max-video-preview:-1"},"canonical":"https:\/\/haas-digital.de\/en\/datenschutzerklarung\/","og_locale":"en_US","og_type":"article","og_title":"Datenschutzerkl\u00e4rung","og_description":"Erfahren Sie alles \u00fcber die Datenschutzerkl\u00e4rung und welche personenbezogenen Daten bei Ihrem Besuch meiner Website erfasst werden.","og_url":"https:\/\/haas-digital.de\/en\/datenschutzerklarung\/","og_site_name":"Haas-Digital","article_publisher":"https:\/\/www.facebook.com\/profile.php?id=61574417733804","article_modified_time":"2026-01-30T16:11:08+00:00","og_image":[{"width":6000,"height":4500,"url":"https:\/\/haas-digital.de\/wp-content\/uploads\/2025\/04\/HD_logo.png","type":"image\/png"}],"twitter_card":"summary_large_image","twitter_misc":{"Est. reading time":"4 minutes"},"schema":{"@context":"https:\/\/schema.org","@graph":[{"@type":"WebPage","@id":"https:\/\/haas-digital.de\/datenschutzerklarung\/","url":"https:\/\/haas-digital.de\/datenschutzerklarung\/","name":"Datenschutzerkl\u00e4rung: Wichtige Informationen f\u00fcr Sie - Haas-Digital","isPartOf":{"@id":"https:\/\/haas-digital.de\/#website"},"datePublished":"2025-04-02T12:07:33+00:00","dateModified":"2026-01-30T16:11:08+00:00","description":"Erfahren Sie alles \u00fcber die Datenschutzerkl\u00e4rung und welche personenbezogenen Daten bei Ihrem Besuch meiner Website erfasst werden.","breadcrumb":{"@id":"https:\/\/haas-digital.de\/datenschutzerklarung\/#breadcrumb"},"inLanguage":"en-US","potentialAction":[{"@type":"ReadAction","target":["https:\/\/haas-digital.de\/datenschutzerklarung\/"]}]},{"@type":"BreadcrumbList","@id":"https:\/\/haas-digital.de\/datenschutzerklarung\/#breadcrumb","itemListElement":[{"@type":"ListItem","position":1,"name":"Startseite","item":"https:\/\/haas-digital.de\/"},{"@type":"ListItem","position":2,"name":"Datenschutzerkl\u00e4rung"}]},{"@type":"WebSite","@id":"https:\/\/haas-digital.de\/#website","url":"https:\/\/haas-digital.de\/","name":"Haas-Digital","description":"Starke Online-Pr\u00e4senz f\u00fcr starke Unternehmen.","publisher":{"@id":"https:\/\/haas-digital.de\/#organization"},"potentialAction":[{"@type":"SearchAction","target":{"@type":"EntryPoint","urlTemplate":"https:\/\/haas-digital.de\/?s={search_term_string}"},"query-input":{"@type":"PropertyValueSpecification","valueRequired":true,"valueName":"search_term_string"}}],"inLanguage":"en-US"},{"@type":"Organization","@id":"https:\/\/haas-digital.de\/#organization","name":"Haas Digital","url":"https:\/\/haas-digital.de\/","logo":{"@type":"ImageObject","inLanguage":"en-US","@id":"https:\/\/haas-digital.de\/#\/schema\/logo\/image\/","url":"https:\/\/haas-digital.de\/wp-content\/uploads\/2025\/04\/HD_WaufS.png","contentUrl":"https:\/\/haas-digital.de\/wp-content\/uploads\/2025\/04\/HD_WaufS.png","width":6000,"height":4500,"caption":"Haas Digital"},"image":{"@id":"https:\/\/haas-digital.de\/#\/schema\/logo\/image\/"},"sameAs":["https:\/\/www.facebook.com\/profile.php?id=61574417733804","https:\/\/www.instagram.com\/haas_digital.de\/"],"email":"kontakt@haas-digital.de","telephone":"0178 400 901 6","legalName":"Haas-Digital","foundingDate":"2025-01-01","numberOfEmployees":{"@type":"QuantitativeValue","minValue":"1","maxValue":"10"}}]}},"_links":{"self":[{"href":"https:\/\/haas-digital.de\/en\/wp-json\/wp\/v2\/pages\/259","targetHints":{"allow":["GET"]}}],"collection":[{"href":"https:\/\/haas-digital.de\/en\/wp-json\/wp\/v2\/pages"}],"about":[{"href":"https:\/\/haas-digital.de\/en\/wp-json\/wp\/v2\/types\/page"}],"author":[{"embeddable":true,"href":"https:\/\/haas-digital.de\/en\/wp-json\/wp\/v2\/users\/1"}],"replies":[{"embeddable":true,"href":"https:\/\/haas-digital.de\/en\/wp-json\/wp\/v2\/comments?post=259"}],"version-history":[{"count":7,"href":"https:\/\/haas-digital.de\/en\/wp-json\/wp\/v2\/pages\/259\/revisions"}],"predecessor-version":[{"id":1015,"href":"https:\/\/haas-digital.de\/en\/wp-json\/wp\/v2\/pages\/259\/revisions\/1015"}],"wp:attachment":[{"href":"https:\/\/haas-digital.de\/en\/wp-json\/wp\/v2\/media?parent=259"}],"curies":[{"name":"wp","href":"https:\/\/api.w.org\/{rel}","templated":true}]}}