{"id":254,"date":"2025-04-02T14:06:00","date_gmt":"2025-04-02T12:06:00","guid":{"rendered":"https:\/\/haas-digital.de\/?page_id=254"},"modified":"2026-01-30T17:10:01","modified_gmt":"2026-01-30T16:10:01","slug":"impressum","status":"publish","type":"page","link":"https:\/\/haas-digital.de\/en\/impressum\/","title":{"rendered":"Imprint"},"content":{"rendered":"<h1>\n\t\t\tImprint\t<\/h1>\n\tStand: 03\/2025\n<strong data-start=\"168\" data-end=\"213\">Angaben gem\u00e4\u00df \u00a7 5 TMG (Telemediengesetz):<\/strong>\n<strong data-start=\"215\" data-end=\"229\">Simon Haas<\/strong><br data-start=\"229\" data-end=\"232\" \/>Haas-Digital<br data-start=\"244\" data-end=\"247\" \/>Kiefernring 29B<br data-start=\"262\" data-end=\"265\" \/>15749 Mittenwalde\n<strong data-start=\"286\" data-end=\"298\">Kontakt:<\/strong><br data-start=\"298\" data-end=\"301\" \/>E-Mail: <a rel=\"noopener\" data-start=\"309\" data-end=\"366\">kontakt@haas-digital.de<\/a><br data-start=\"366\" data-end=\"369\" \/>Mobil: 0178 400 901 6\n<strong data-start=\"394\" data-end=\"414\">Umsatzsteuer-ID:<\/strong><br data-start=\"414\" data-end=\"417\" \/>Steuernummer: 049 \/ 227 \/ 00864\n<strong data-start=\"500\" data-end=\"522\">Haftungsausschluss<\/strong><br data-start=\"522\" data-end=\"525\" \/>Die Inhalte dieser Website wurden mit gr\u00f6\u00dfter Sorgfalt erstellt. F\u00fcr die Richtigkeit, Vollst\u00e4ndigkeit und Aktualit\u00e4t der Inhalte \u00fcbernehme ich jedoch keine Haftung. Als Dienstanbieter bin ich gem\u00e4\u00df \u00a7 7 Abs. 1 TMG f\u00fcr eigene Inhalte auf dieser Website nach den allgemeinen Gesetzen verantwortlich. Nach \u00a7\u00a7 8 bis 10 TMG bin ich jedoch nicht verpflichtet, \u00fcbermittelte oder gespeicherte fremde Informationen zu \u00fcberwachen oder nach Umst\u00e4nden zu forschen, die auf eine rechtswidrige T\u00e4tigkeit hinweisen. Dies gilt nicht f\u00fcr die Haftung bei nachweislich vors\u00e4tzlichen oder grob fahrl\u00e4ssigen Rechtsverletzungen.\nF\u00fcr die Inhalte externer Links \u00fcbernehme ich keine Haftung. F\u00fcr den Inhalt der verlinkten Seiten sind ausschlie\u00dflich deren Betreiber verantwortlich.\n\t<section>\n    <!-- Leistungen -->\n      <h4>Services<\/h4>\n      <ul>\n        <li><a href=\"\/en\/webdesign-relaunch\/\">Webdesign &#038; Relaunch<\/a><\/li>\n        <li><a href=\"\/en\/onepager-landingpages\/\">Onepager &#038; Landingpages<\/a><\/li>\n        <li><a href=\"\/en\/suchmaschinenoptimierung\/\">Search engine optimization (SEO)<\/a><\/li>\n        <li><a href=\"\/en\/seo-spezialist\/\">SEO specialist<\/a><\/li>\n        <li><a href=\"\/en\/wordpress-onlineshop\/\">WordPress online store<\/a><\/li>\n        <li><a href=\"\/en\/website-check\/\">Free website check<\/a><\/li>\n      <\/ul>\n    <!-- SEO Themen -->\n      <h4>SEO topics<\/h4>\n      <ul>\n        <li><a href=\"\/en\/suchmaschinenoptimierung\/\">What is SEO?<\/a><\/li>\n        <li><a href=\"\/en\/seo-spezialist\/\">SEO specialist for companies<\/a><\/li>\n        <li><a href=\"\/en\/lokale-suchmaschinenoptimierung\/\">Local search engine optimization<\/a><\/li>\n        <li><a href=\"\/en\/seo-fuer-kmu\/\">SEO for SMEs<\/a><\/li>\n        <li><a href=\"\/en\/google-sichtbarkeit\/\">More visibility on Google<\/a><\/li>\n      <\/ul>\n    <!-- Webdesign Wissen -->\n      <h4>Web design knowledge<\/h4>\n      <ul>\n        <li><a href=\"\/en\/webdesign\/\">Professional web design<\/a><\/li>\n        <li><a href=\"\/en\/wordpress\/\">WordPress websites<\/a><\/li>\n        <li><a href=\"\/en\/website-relaunch\/\">Website relaunch<\/a><\/li>\n        <li><a href=\"\/en\/conversion-optimierung\/\">Conversion optimization<\/a><\/li>\n        <li><a href=\"\/en\/pagespeed-optimierung\/\">Pagespeed optimization<\/a><\/li>\n      <\/ul>\n    <!-- Unternehmen -->\n      <h4>Haas-Digital<\/h4>\n      <ul>\n        <li><a href=\"\/en\/ueber-mich\/\">About<\/a><\/li>\n        <li><a href=\"\/en\/blog\/\">Blog &#038; Insights<\/a><\/li>\n        <li><a href=\"\/en\/kontakt\/\">Contact<\/a><\/li>\n        <li><a href=\"\/en\/impressum\/\">Imprint<\/a><\/li>\n        <li><a href=\"\/en\/datenschutz\/\">Data protection<\/a><\/li>\n      <\/ul>\n<\/section>\n<style>\n.hd-footer-sitemap{\n  border-top:1px solid rgba(255,255,255,.08);\n  padding:48px 0 24px;\n}\n.hd-footer-grid{\n  display:grid;\n  grid-template-columns:repeat(4,1fr);\n  gap:32px;\n}\n.hd-footer-col h4{\n  font-size:13px;\n  font-weight:800;\n  letter-spacing:.08em;\n  text-transform:uppercase;\n  margin-bottom:14px;\n  color:#E6E8EB;                 \/* deutlich heller *\/\n}\n.hd-footer-col ul{\n  list-style:none;\n  padding:0;\n  margin:0;\n}\n.hd-footer-col li{\n  margin-bottom:8px;\n}\n.hd-footer-col a{\n  font-size:14px;\n  line-height:1.4;\n  color:rgba(255,255,255,.75);\n  text-decoration:none;\n  transition:color .15s ease;\n}\n.hd-footer-col a:hover{\n  color:#ffffff;\n}\n\/* Responsive *\/\n@media (max-width:900px){\n  .hd-footer-grid{\n    grid-template-columns:repeat(2,1fr);\n    gap:26px;\n  }\n}\n@media (max-width:520px){\n  .hd-footer-grid{\n    grid-template-columns:1fr;\n  }\n}\n<\/style>","protected":false},"excerpt":{"rendered":"<p>Impressum Stand: 03\/2025 Angaben gem\u00e4\u00df \u00a7 5 TMG (Telemediengesetz): Simon HaasHaas-DigitalKiefernring 29B15749 Mittenwalde Kontakt:E-Mail: kontakt@haas-digital.deMobil: 0178 400 901 6 Umsatzsteuer-ID:Steuernummer: 049 \/ 227 \/ 00864 HaftungsausschlussDie Inhalte dieser Website wurden mit gr\u00f6\u00dfter Sorgfalt erstellt. F\u00fcr die Richtigkeit, Vollst\u00e4ndigkeit und Aktualit\u00e4t der Inhalte \u00fcbernehme ich jedoch keine Haftung. Als Dienstanbieter bin ich gem\u00e4\u00df \u00a7 7 Abs&#8230;.<\/p>","protected":false},"author":1,"featured_media":0,"parent":0,"menu_order":0,"comment_status":"closed","ping_status":"closed","template":"","meta":{"_kadence_starter_templates_imported_post":false,"_kad_post_transparent":"","_kad_post_title":"","_kad_post_layout":"","_kad_post_sidebar_id":"","_kad_post_content_style":"","_kad_post_vertical_padding":"","_kad_post_feature":"","_kad_post_feature_position":"","_kad_post_header":false,"_kad_post_footer":false,"_kad_post_classname":"","footnotes":""},"class_list":["post-254","page","type-page","status-publish","hentry"],"yoast_head":"<!-- This site is optimized with the Yoast SEO Premium plugin v27.0 (Yoast SEO v27.5) - https:\/\/yoast.com\/product\/yoast-seo-premium-wordpress\/ -->\n<title>Impressum Haas-Digital: Unsere Ansprechpartner und Details - Haas-Digital<\/title>\n<meta name=\"description\" content=\"Alle relevanten Informationen zu Haas-Digital im Impressum: Kontakt, Haftung und gesetzliche Angaben in einer \u00dcbersicht.\" \/>\n<meta name=\"robots\" content=\"index, follow, max-snippet:-1, max-image-preview:large, max-video-preview:-1\" \/>\n<link rel=\"canonical\" href=\"https:\/\/haas-digital.de\/en\/impressum\/\" \/>\n<meta property=\"og:locale\" content=\"en_US\" \/>\n<meta property=\"og:type\" content=\"article\" \/>\n<meta property=\"og:title\" content=\"Impressum\" \/>\n<meta property=\"og:description\" content=\"Alle relevanten Informationen zu Haas-Digital im Impressum: Kontakt, Haftung und gesetzliche Angaben in einer \u00dcbersicht.\" \/>\n<meta property=\"og:url\" content=\"https:\/\/haas-digital.de\/en\/impressum\/\" \/>\n<meta property=\"og:site_name\" content=\"Haas-Digital\" \/>\n<meta property=\"article:publisher\" content=\"https:\/\/www.facebook.com\/profile.php?id=61574417733804\" \/>\n<meta property=\"article:modified_time\" content=\"2026-01-30T16:10:01+00:00\" \/>\n<meta property=\"og:image\" content=\"https:\/\/haas-digital.de\/wp-content\/uploads\/2025\/04\/HD_logo.png\" \/>\n\t<meta property=\"og:image:width\" content=\"6000\" \/>\n\t<meta property=\"og:image:height\" content=\"4500\" \/>\n\t<meta property=\"og:image:type\" content=\"image\/png\" \/>\n<meta name=\"twitter:card\" content=\"summary_large_image\" \/>\n<meta name=\"twitter:label1\" content=\"Est. reading time\" \/>\n\t<meta name=\"twitter:data1\" content=\"1 minute\" \/>\n<script type=\"application\/ld+json\" class=\"yoast-schema-graph\">{\"@context\":\"https:\\\/\\\/schema.org\",\"@graph\":[{\"@type\":\"WebPage\",\"@id\":\"https:\\\/\\\/haas-digital.de\\\/impressum\\\/\",\"url\":\"https:\\\/\\\/haas-digital.de\\\/impressum\\\/\",\"name\":\"Impressum Haas-Digital: Unsere Ansprechpartner und Details - Haas-Digital\",\"isPartOf\":{\"@id\":\"https:\\\/\\\/haas-digital.de\\\/#website\"},\"datePublished\":\"2025-04-02T12:06:00+00:00\",\"dateModified\":\"2026-01-30T16:10:01+00:00\",\"description\":\"Alle relevanten Informationen zu Haas-Digital im Impressum: Kontakt, Haftung und gesetzliche Angaben in einer \u00dcbersicht.\",\"breadcrumb\":{\"@id\":\"https:\\\/\\\/haas-digital.de\\\/impressum\\\/#breadcrumb\"},\"inLanguage\":\"en-US\",\"potentialAction\":[{\"@type\":\"ReadAction\",\"target\":[\"https:\\\/\\\/haas-digital.de\\\/impressum\\\/\"]}]},{\"@type\":\"BreadcrumbList\",\"@id\":\"https:\\\/\\\/haas-digital.de\\\/impressum\\\/#breadcrumb\",\"itemListElement\":[{\"@type\":\"ListItem\",\"position\":1,\"name\":\"Startseite\",\"item\":\"https:\\\/\\\/haas-digital.de\\\/\"},{\"@type\":\"ListItem\",\"position\":2,\"name\":\"Impressum\"}]},{\"@type\":\"WebSite\",\"@id\":\"https:\\\/\\\/haas-digital.de\\\/#website\",\"url\":\"https:\\\/\\\/haas-digital.de\\\/\",\"name\":\"Haas-Digital\",\"description\":\"Starke Online-Pr\u00e4senz f\u00fcr starke Unternehmen.\",\"publisher\":{\"@id\":\"https:\\\/\\\/haas-digital.de\\\/#organization\"},\"potentialAction\":[{\"@type\":\"SearchAction\",\"target\":{\"@type\":\"EntryPoint\",\"urlTemplate\":\"https:\\\/\\\/haas-digital.de\\\/?s={search_term_string}\"},\"query-input\":{\"@type\":\"PropertyValueSpecification\",\"valueRequired\":true,\"valueName\":\"search_term_string\"}}],\"inLanguage\":\"en-US\"},{\"@type\":\"Organization\",\"@id\":\"https:\\\/\\\/haas-digital.de\\\/#organization\",\"name\":\"Haas Digital\",\"url\":\"https:\\\/\\\/haas-digital.de\\\/\",\"logo\":{\"@type\":\"ImageObject\",\"inLanguage\":\"en-US\",\"@id\":\"https:\\\/\\\/haas-digital.de\\\/#\\\/schema\\\/logo\\\/image\\\/\",\"url\":\"https:\\\/\\\/haas-digital.de\\\/wp-content\\\/uploads\\\/2025\\\/04\\\/HD_WaufS.png\",\"contentUrl\":\"https:\\\/\\\/haas-digital.de\\\/wp-content\\\/uploads\\\/2025\\\/04\\\/HD_WaufS.png\",\"width\":6000,\"height\":4500,\"caption\":\"Haas Digital\"},\"image\":{\"@id\":\"https:\\\/\\\/haas-digital.de\\\/#\\\/schema\\\/logo\\\/image\\\/\"},\"sameAs\":[\"https:\\\/\\\/www.facebook.com\\\/profile.php?id=61574417733804\",\"https:\\\/\\\/www.instagram.com\\\/haas_digital.de\\\/\"],\"email\":\"kontakt@haas-digital.de\",\"telephone\":\"0178 400 901 6\",\"legalName\":\"Haas-Digital\",\"foundingDate\":\"2025-01-01\",\"numberOfEmployees\":{\"@type\":\"QuantitativeValue\",\"minValue\":\"1\",\"maxValue\":\"10\"}}]}<\/script>\n<!-- \/ Yoast SEO Premium plugin. -->","yoast_head_json":{"title":"Impressum Haas-Digital: Unsere Ansprechpartner und Details - Haas-Digital","description":"Alle relevanten Informationen zu Haas-Digital im Impressum: Kontakt, Haftung und gesetzliche Angaben in einer \u00dcbersicht.","robots":{"index":"index","follow":"follow","max-snippet":"max-snippet:-1","max-image-preview":"max-image-preview:large","max-video-preview":"max-video-preview:-1"},"canonical":"https:\/\/haas-digital.de\/en\/impressum\/","og_locale":"en_US","og_type":"article","og_title":"Impressum","og_description":"Alle relevanten Informationen zu Haas-Digital im Impressum: Kontakt, Haftung und gesetzliche Angaben in einer \u00dcbersicht.","og_url":"https:\/\/haas-digital.de\/en\/impressum\/","og_site_name":"Haas-Digital","article_publisher":"https:\/\/www.facebook.com\/profile.php?id=61574417733804","article_modified_time":"2026-01-30T16:10:01+00:00","og_image":[{"width":6000,"height":4500,"url":"https:\/\/haas-digital.de\/wp-content\/uploads\/2025\/04\/HD_logo.png","type":"image\/png"}],"twitter_card":"summary_large_image","twitter_misc":{"Est. reading time":"1 minute"},"schema":{"@context":"https:\/\/schema.org","@graph":[{"@type":"WebPage","@id":"https:\/\/haas-digital.de\/impressum\/","url":"https:\/\/haas-digital.de\/impressum\/","name":"Impressum Haas-Digital: Unsere Ansprechpartner und Details - Haas-Digital","isPartOf":{"@id":"https:\/\/haas-digital.de\/#website"},"datePublished":"2025-04-02T12:06:00+00:00","dateModified":"2026-01-30T16:10:01+00:00","description":"Alle relevanten Informationen zu Haas-Digital im Impressum: Kontakt, Haftung und gesetzliche Angaben in einer \u00dcbersicht.","breadcrumb":{"@id":"https:\/\/haas-digital.de\/impressum\/#breadcrumb"},"inLanguage":"en-US","potentialAction":[{"@type":"ReadAction","target":["https:\/\/haas-digital.de\/impressum\/"]}]},{"@type":"BreadcrumbList","@id":"https:\/\/haas-digital.de\/impressum\/#breadcrumb","itemListElement":[{"@type":"ListItem","position":1,"name":"Startseite","item":"https:\/\/haas-digital.de\/"},{"@type":"ListItem","position":2,"name":"Impressum"}]},{"@type":"WebSite","@id":"https:\/\/haas-digital.de\/#website","url":"https:\/\/haas-digital.de\/","name":"Haas-Digital","description":"Starke Online-Pr\u00e4senz f\u00fcr starke Unternehmen.","publisher":{"@id":"https:\/\/haas-digital.de\/#organization"},"potentialAction":[{"@type":"SearchAction","target":{"@type":"EntryPoint","urlTemplate":"https:\/\/haas-digital.de\/?s={search_term_string}"},"query-input":{"@type":"PropertyValueSpecification","valueRequired":true,"valueName":"search_term_string"}}],"inLanguage":"en-US"},{"@type":"Organization","@id":"https:\/\/haas-digital.de\/#organization","name":"Haas Digital","url":"https:\/\/haas-digital.de\/","logo":{"@type":"ImageObject","inLanguage":"en-US","@id":"https:\/\/haas-digital.de\/#\/schema\/logo\/image\/","url":"https:\/\/haas-digital.de\/wp-content\/uploads\/2025\/04\/HD_WaufS.png","contentUrl":"https:\/\/haas-digital.de\/wp-content\/uploads\/2025\/04\/HD_WaufS.png","width":6000,"height":4500,"caption":"Haas Digital"},"image":{"@id":"https:\/\/haas-digital.de\/#\/schema\/logo\/image\/"},"sameAs":["https:\/\/www.facebook.com\/profile.php?id=61574417733804","https:\/\/www.instagram.com\/haas_digital.de\/"],"email":"kontakt@haas-digital.de","telephone":"0178 400 901 6","legalName":"Haas-Digital","foundingDate":"2025-01-01","numberOfEmployees":{"@type":"QuantitativeValue","minValue":"1","maxValue":"10"}}]}},"_links":{"self":[{"href":"https:\/\/haas-digital.de\/en\/wp-json\/wp\/v2\/pages\/254","targetHints":{"allow":["GET"]}}],"collection":[{"href":"https:\/\/haas-digital.de\/en\/wp-json\/wp\/v2\/pages"}],"about":[{"href":"https:\/\/haas-digital.de\/en\/wp-json\/wp\/v2\/types\/page"}],"author":[{"embeddable":true,"href":"https:\/\/haas-digital.de\/en\/wp-json\/wp\/v2\/users\/1"}],"replies":[{"embeddable":true,"href":"https:\/\/haas-digital.de\/en\/wp-json\/wp\/v2\/comments?post=254"}],"version-history":[{"count":7,"href":"https:\/\/haas-digital.de\/en\/wp-json\/wp\/v2\/pages\/254\/revisions"}],"predecessor-version":[{"id":1012,"href":"https:\/\/haas-digital.de\/en\/wp-json\/wp\/v2\/pages\/254\/revisions\/1012"}],"wp:attachment":[{"href":"https:\/\/haas-digital.de\/en\/wp-json\/wp\/v2\/media?parent=254"}],"curies":[{"name":"wp","href":"https:\/\/api.w.org\/{rel}","templated":true}]}}